{"id":1095,"date":"2019-12-02T10:15:51","date_gmt":"2019-12-02T15:15:51","guid":{"rendered":"https:\/\/laespanola.co\/tienda\/?post_type=product&#038;p=1095"},"modified":"2025-03-11T11:52:28","modified_gmt":"2025-03-11T16:52:28","slug":"sanitario-smart-alongado","status":"publish","type":"product","link":"https:\/\/laespanola.co\/tienda\/producto\/sanitario-smart-alongado\/","title":{"rendered":"Sanitario Smart Alongado Blanco"},"content":{"rendered":"<p>Ventajas:<\/p>\n<p>Capacidad de descarga: Evacuaci\u00f3n de s\u00f3lidos de 500 gramos.<\/p>\n<p>Sistema dual flush: 6lt s\u00f3lidos | 4lt l\u00edquidos<\/p>\n<p>Limpieza: Mejorado anillo con orificios direccionados y alto espejo de agua que garantizan mayor limpieza y evitan devoluci\u00f3n de malos olores.<\/p>\n<p>Mantenimiento: Se puede realizar con herramientas convencionales. Repuestos Grival autorizados.<\/p>\n<p>Garant\u00eda:<\/p>\n<p>Garant\u00eda CORONA limitada de por vida en elementos de porcelana y 5 a\u00f1os en grifer\u00eda tanque y asiento<\/p>\n","protected":false},"excerpt":{"rendered":"<p>Dise\u00f1o compacto y contempor\u00e1neo que combina la eficiencia y la optimizaci\u00f3n de espacio. Sistema de accionamiento Control Azul CORONA de descarga variable para optimizar el consumo de agua, incluye asiento de cierre suave.<\/p>\n","protected":false},"featured_media":1097,"template":"","meta":[],"product_brand":[],"product_cat":[140],"product_tag":[],"class_list":{"0":"post-1095","1":"product","2":"type-product","3":"status-publish","4":"has-post-thumbnail","6":"product_cat-sanitarios","8":"first","9":"instock","10":"shipping-taxable","11":"purchasable","12":"product-type-simple"},"_links":{"self":[{"href":"https:\/\/laespanola.co\/tienda\/wp-json\/wp\/v2\/product\/1095","targetHints":{"allow":["GET"]}}],"collection":[{"href":"https:\/\/laespanola.co\/tienda\/wp-json\/wp\/v2\/product"}],"about":[{"href":"https:\/\/laespanola.co\/tienda\/wp-json\/wp\/v2\/types\/product"}],"version-history":[{"count":0,"href":"https:\/\/laespanola.co\/tienda\/wp-json\/wp\/v2\/product\/1095\/revisions"}],"wp:featuredmedia":[{"embeddable":true,"href":"https:\/\/laespanola.co\/tienda\/wp-json\/wp\/v2\/media\/1097"}],"wp:attachment":[{"href":"https:\/\/laespanola.co\/tienda\/wp-json\/wp\/v2\/media?parent=1095"}],"wp:term":[{"taxonomy":"product_brand","embeddable":true,"href":"https:\/\/laespanola.co\/tienda\/wp-json\/wp\/v2\/product_brand?post=1095"},{"taxonomy":"product_cat","embeddable":true,"href":"https:\/\/laespanola.co\/tienda\/wp-json\/wp\/v2\/product_cat?post=1095"},{"taxonomy":"product_tag","embeddable":true,"href":"https:\/\/laespanola.co\/tienda\/wp-json\/wp\/v2\/product_tag?post=1095"}],"curies":[{"name":"wp","href":"https:\/\/api.w.org\/{rel}","templated":true}]}}