{"id":1127,"date":"2019-12-02T10:28:49","date_gmt":"2019-12-02T15:28:49","guid":{"rendered":"https:\/\/laespanola.co\/tienda\/?post_type=product&#038;p=1127"},"modified":"2025-03-11T11:47:27","modified_gmt":"2025-03-11T16:47:27","slug":"sanitario-manantial","status":"publish","type":"product","link":"https:\/\/laespanola.co\/tienda\/producto\/sanitario-manantial\/","title":{"rendered":"Sanitario Manantial pro Blanco red"},"content":{"rendered":"<p>Ventajas:<\/p>\n<p>Capacidad de descarga: Evacuaci\u00f3n de s\u00f3lidos entre 200 gr y 300 gr gramos de miso. Limpieza: Alto espejo de agua que garantiza limpieza de la taza y evita devoluci\u00f3n de olores. Mantenimiento: Se puede realizar con herramientas convencionales. Repuestos Grival autorizados.<\/p>\n<p>Garant\u00eda:<\/p>\n<p>Garant\u00eda CORONA limitada de por vida en elementos de porcelana y 5 a\u00f1os en grifer\u00eda tanque y asiento<\/p>\n","protected":false},"excerpt":{"rendered":"<p>Bajo consumo de agua, C\u00f3modo perfil de taza redonda con Altura tradicional de taza par uso familiar. V\u00e1lvula de descarga de f\u00e1cil mantenimiento y V\u00e1lvula de suministro de agua antisif\u00f3n con flotador. Sofisticado bot\u00f3n de accionamiento de 38 mms. ubicado en la tapa del tanque.<\/p>\n","protected":false},"featured_media":1131,"template":"","meta":[],"product_brand":[],"product_cat":[140],"product_tag":[],"class_list":{"0":"post-1127","1":"product","2":"type-product","3":"status-publish","4":"has-post-thumbnail","6":"product_cat-sanitarios","8":"first","9":"instock","10":"shipping-taxable","11":"purchasable","12":"product-type-simple"},"_links":{"self":[{"href":"https:\/\/laespanola.co\/tienda\/wp-json\/wp\/v2\/product\/1127","targetHints":{"allow":["GET"]}}],"collection":[{"href":"https:\/\/laespanola.co\/tienda\/wp-json\/wp\/v2\/product"}],"about":[{"href":"https:\/\/laespanola.co\/tienda\/wp-json\/wp\/v2\/types\/product"}],"version-history":[{"count":0,"href":"https:\/\/laespanola.co\/tienda\/wp-json\/wp\/v2\/product\/1127\/revisions"}],"wp:featuredmedia":[{"embeddable":true,"href":"https:\/\/laespanola.co\/tienda\/wp-json\/wp\/v2\/media\/1131"}],"wp:attachment":[{"href":"https:\/\/laespanola.co\/tienda\/wp-json\/wp\/v2\/media?parent=1127"}],"wp:term":[{"taxonomy":"product_brand","embeddable":true,"href":"https:\/\/laespanola.co\/tienda\/wp-json\/wp\/v2\/product_brand?post=1127"},{"taxonomy":"product_cat","embeddable":true,"href":"https:\/\/laespanola.co\/tienda\/wp-json\/wp\/v2\/product_cat?post=1127"},{"taxonomy":"product_tag","embeddable":true,"href":"https:\/\/laespanola.co\/tienda\/wp-json\/wp\/v2\/product_tag?post=1127"}],"curies":[{"name":"wp","href":"https:\/\/api.w.org\/{rel}","templated":true}]}}