{"id":1147,"date":"2019-12-02T10:41:39","date_gmt":"2019-12-02T15:41:39","guid":{"rendered":"https:\/\/laespanola.co\/tienda\/?post_type=product&#038;p=1147"},"modified":"2024-04-29T10:57:21","modified_gmt":"2024-04-29T15:57:21","slug":"combo-montecarlo-het","status":"publish","type":"product","link":"https:\/\/laespanola.co\/tienda\/producto\/combo-montecarlo-het\/","title":{"rendered":"Combo Montecarlo blanco het Along"},"content":{"rendered":"<p>Ventajas:<\/p>\n<p>Capacidad de descarga: Evacuaci\u00f3n de s\u00f3lidos hasta 700 gramos de miso.<\/p>\n<p>Limpieza: Anillo con orificios direccionados y alto espejo de agua que garantizan mayor limpieza y evitan devoluci\u00f3n de malos olores.<\/p>\n<p>Mantenimiento: Se puede realizar con herramientas convencionales. Repuestos Grival autorizados.<\/p>\n<p>Garant\u00eda:<\/p>\n<p>Garantia CORONA limitada de por vida<\/p>\n","protected":false},"excerpt":{"rendered":"<p>Combo sanitario Montecarlo HET. Para darle m\u00e1s estilo y espacio a tu ba\u00f1o, utiliza este combo compuesto por sanitario, lavamanos de semipedestal que oculta el sif\u00f3n con grifer\u00eda y accesorios en porcelana y cromados, dependiendo de la referencia.<\/p>\n","protected":false},"featured_media":1148,"template":"","meta":[],"product_brand":[],"product_cat":[140],"product_tag":[],"class_list":{"0":"post-1147","1":"product","2":"type-product","3":"status-publish","4":"has-post-thumbnail","6":"product_cat-sanitarios","8":"first","9":"instock","10":"shipping-taxable","11":"purchasable","12":"product-type-simple"},"_links":{"self":[{"href":"https:\/\/laespanola.co\/tienda\/wp-json\/wp\/v2\/product\/1147","targetHints":{"allow":["GET"]}}],"collection":[{"href":"https:\/\/laespanola.co\/tienda\/wp-json\/wp\/v2\/product"}],"about":[{"href":"https:\/\/laespanola.co\/tienda\/wp-json\/wp\/v2\/types\/product"}],"version-history":[{"count":0,"href":"https:\/\/laespanola.co\/tienda\/wp-json\/wp\/v2\/product\/1147\/revisions"}],"wp:featuredmedia":[{"embeddable":true,"href":"https:\/\/laespanola.co\/tienda\/wp-json\/wp\/v2\/media\/1148"}],"wp:attachment":[{"href":"https:\/\/laespanola.co\/tienda\/wp-json\/wp\/v2\/media?parent=1147"}],"wp:term":[{"taxonomy":"product_brand","embeddable":true,"href":"https:\/\/laespanola.co\/tienda\/wp-json\/wp\/v2\/product_brand?post=1147"},{"taxonomy":"product_cat","embeddable":true,"href":"https:\/\/laespanola.co\/tienda\/wp-json\/wp\/v2\/product_cat?post=1147"},{"taxonomy":"product_tag","embeddable":true,"href":"https:\/\/laespanola.co\/tienda\/wp-json\/wp\/v2\/product_tag?post=1147"}],"curies":[{"name":"wp","href":"https:\/\/api.w.org\/{rel}","templated":true}]}}