{"id":1153,"date":"2019-12-02T10:45:06","date_gmt":"2019-12-02T15:45:06","guid":{"rendered":"https:\/\/laespanola.co\/tienda\/?post_type=product&#038;p=1153"},"modified":"2025-03-11T11:28:55","modified_gmt":"2025-03-11T16:28:55","slug":"lavamanos-cascade-vessel","status":"publish","type":"product","link":"https:\/\/laespanola.co\/tienda\/producto\/lavamanos-cascade-vessel\/","title":{"rendered":"Lavamanos Cascade Vessel blanco sin griferia"},"content":{"rendered":"<p>Garant\u00eda:<br \/>\nGarant\u00eda Limitada de por vida CORONA<\/p>\n","protected":false},"excerpt":{"rendered":"<p>La l\u00ednea Cascade nace a partir de la propuesta de CORONA de entregar un dise\u00f1o amigable y sorprendente, que busca facilitar la tareas y funciones del espacio del ba\u00f1o a nuestros consumidores, su dise\u00f1o se inspira en la ca\u00edda del agua, por lo tanto, su forma es fluida, pero con una mezcla de robustez que hace de la l\u00ednea CASCADE un producto funcional, pero a la vez resistente brindando mayor comodidad en su uso. Los lavamanos vessel de esta l\u00ednea se caracterizan por sus Pozos amplios de 46cm y profundidad de 14cm que permite mayor comodidad al realizar diferentes actividades cotidianas, adem\u00e1s de minimizar el salpique al momento del uso.<\/p>\n","protected":false},"featured_media":1155,"template":"","meta":[],"product_brand":[],"product_cat":[140],"product_tag":[],"class_list":{"0":"post-1153","1":"product","2":"type-product","3":"status-publish","4":"has-post-thumbnail","6":"product_cat-sanitarios","8":"first","9":"instock","10":"shipping-taxable","11":"purchasable","12":"product-type-simple"},"_links":{"self":[{"href":"https:\/\/laespanola.co\/tienda\/wp-json\/wp\/v2\/product\/1153","targetHints":{"allow":["GET"]}}],"collection":[{"href":"https:\/\/laespanola.co\/tienda\/wp-json\/wp\/v2\/product"}],"about":[{"href":"https:\/\/laespanola.co\/tienda\/wp-json\/wp\/v2\/types\/product"}],"version-history":[{"count":0,"href":"https:\/\/laespanola.co\/tienda\/wp-json\/wp\/v2\/product\/1153\/revisions"}],"wp:featuredmedia":[{"embeddable":true,"href":"https:\/\/laespanola.co\/tienda\/wp-json\/wp\/v2\/media\/1155"}],"wp:attachment":[{"href":"https:\/\/laespanola.co\/tienda\/wp-json\/wp\/v2\/media?parent=1153"}],"wp:term":[{"taxonomy":"product_brand","embeddable":true,"href":"https:\/\/laespanola.co\/tienda\/wp-json\/wp\/v2\/product_brand?post=1153"},{"taxonomy":"product_cat","embeddable":true,"href":"https:\/\/laespanola.co\/tienda\/wp-json\/wp\/v2\/product_cat?post=1153"},{"taxonomy":"product_tag","embeddable":true,"href":"https:\/\/laespanola.co\/tienda\/wp-json\/wp\/v2\/product_tag?post=1153"}],"curies":[{"name":"wp","href":"https:\/\/api.w.org\/{rel}","templated":true}]}}