{"id":1174,"date":"2019-12-02T10:55:51","date_gmt":"2019-12-02T15:55:51","guid":{"rendered":"https:\/\/laespanola.co\/tienda\/?post_type=product&#038;p=1174"},"modified":"2025-03-11T11:27:30","modified_gmt":"2025-03-11T16:27:30","slug":"lavamanos-milano-con-pedestal","status":"publish","type":"product","link":"https:\/\/laespanola.co\/tienda\/producto\/lavamanos-milano-con-pedestal\/","title":{"rendered":"Lavamanos Milano Con Pedestal sin grfia"},"content":{"rendered":"<p>Ventajas:<br \/>\nLa clave para definir el dise\u00f1o y el estilo del ba\u00f1o, est\u00e1 en el lavamanos. Puedes elegir lavamanos de colgar, con pedestal, con semi-pedestal, lavamanos de incrustar, de sobreponer, tipo vessel o con mes\u00f3n integrado, teniendo en cuenta el que mejor se adapte a tu estilo, espacio y presupuesto.<br \/>\nGarant\u00eda:<br \/>\nGarantia CORONA limitada de por vida<\/p>\n","protected":false},"excerpt":{"rendered":"<p>Lavamanos Milano Blanco. Funcional dise\u00f1o contemporaneo ideal para espacios reducidos.<\/p>\n","protected":false},"featured_media":1175,"template":"","meta":[],"product_brand":[],"product_cat":[140],"product_tag":[],"class_list":{"0":"post-1174","1":"product","2":"type-product","3":"status-publish","4":"has-post-thumbnail","6":"product_cat-sanitarios","8":"first","9":"instock","10":"shipping-taxable","11":"purchasable","12":"product-type-simple"},"_links":{"self":[{"href":"https:\/\/laespanola.co\/tienda\/wp-json\/wp\/v2\/product\/1174","targetHints":{"allow":["GET"]}}],"collection":[{"href":"https:\/\/laespanola.co\/tienda\/wp-json\/wp\/v2\/product"}],"about":[{"href":"https:\/\/laespanola.co\/tienda\/wp-json\/wp\/v2\/types\/product"}],"version-history":[{"count":0,"href":"https:\/\/laespanola.co\/tienda\/wp-json\/wp\/v2\/product\/1174\/revisions"}],"wp:featuredmedia":[{"embeddable":true,"href":"https:\/\/laespanola.co\/tienda\/wp-json\/wp\/v2\/media\/1175"}],"wp:attachment":[{"href":"https:\/\/laespanola.co\/tienda\/wp-json\/wp\/v2\/media?parent=1174"}],"wp:term":[{"taxonomy":"product_brand","embeddable":true,"href":"https:\/\/laespanola.co\/tienda\/wp-json\/wp\/v2\/product_brand?post=1174"},{"taxonomy":"product_cat","embeddable":true,"href":"https:\/\/laespanola.co\/tienda\/wp-json\/wp\/v2\/product_cat?post=1174"},{"taxonomy":"product_tag","embeddable":true,"href":"https:\/\/laespanola.co\/tienda\/wp-json\/wp\/v2\/product_tag?post=1174"}],"curies":[{"name":"wp","href":"https:\/\/api.w.org\/{rel}","templated":true}]}}