{"id":1178,"date":"2019-12-02T10:58:47","date_gmt":"2019-12-02T15:58:47","guid":{"rendered":"https:\/\/laespanola.co\/tienda\/?post_type=product&#038;p=1178"},"modified":"2025-03-11T11:28:24","modified_gmt":"2025-03-11T16:28:24","slug":"lavamanos-vento","status":"publish","type":"product","link":"https:\/\/laespanola.co\/tienda\/producto\/lavamanos-vento\/","title":{"rendered":"Lavamanos Vento blanco sin griferia"},"content":{"rendered":"<p>Ventajas:<br \/>\nSe puede combinar con toda la linea de sanitarios CORONA<br \/>\nGarant\u00eda:<br \/>\nGarant\u00eda CORONA limitada de por vida<\/p>\n","protected":false},"excerpt":{"rendered":"<p>Dise\u00f1ado para espacios innovadores con l\u00edneas simples y modernas con material de porcelana sanitaria. Vessel redondo, c\u00f3nico, disponible en colores blanco y bone el cual permite instalar con grifer\u00eda a la pared o en el mes\u00f3n.<\/p>\n","protected":false},"featured_media":1179,"template":"","meta":[],"product_brand":[],"product_cat":[140],"product_tag":[],"class_list":{"0":"post-1178","1":"product","2":"type-product","3":"status-publish","4":"has-post-thumbnail","6":"product_cat-sanitarios","8":"first","9":"instock","10":"shipping-taxable","11":"purchasable","12":"product-type-simple"},"_links":{"self":[{"href":"https:\/\/laespanola.co\/tienda\/wp-json\/wp\/v2\/product\/1178","targetHints":{"allow":["GET"]}}],"collection":[{"href":"https:\/\/laespanola.co\/tienda\/wp-json\/wp\/v2\/product"}],"about":[{"href":"https:\/\/laespanola.co\/tienda\/wp-json\/wp\/v2\/types\/product"}],"version-history":[{"count":0,"href":"https:\/\/laespanola.co\/tienda\/wp-json\/wp\/v2\/product\/1178\/revisions"}],"wp:featuredmedia":[{"embeddable":true,"href":"https:\/\/laespanola.co\/tienda\/wp-json\/wp\/v2\/media\/1179"}],"wp:attachment":[{"href":"https:\/\/laespanola.co\/tienda\/wp-json\/wp\/v2\/media?parent=1178"}],"wp:term":[{"taxonomy":"product_brand","embeddable":true,"href":"https:\/\/laespanola.co\/tienda\/wp-json\/wp\/v2\/product_brand?post=1178"},{"taxonomy":"product_cat","embeddable":true,"href":"https:\/\/laespanola.co\/tienda\/wp-json\/wp\/v2\/product_cat?post=1178"},{"taxonomy":"product_tag","embeddable":true,"href":"https:\/\/laespanola.co\/tienda\/wp-json\/wp\/v2\/product_tag?post=1178"}],"curies":[{"name":"wp","href":"https:\/\/api.w.org\/{rel}","templated":true}]}}