{"id":1301,"date":"2019-12-04T16:59:35","date_gmt":"2019-12-04T21:59:35","guid":{"rendered":"https:\/\/laespanola.co\/tienda\/?post_type=product&#038;p=1301"},"modified":"2025-03-11T11:54:11","modified_gmt":"2025-03-11T16:54:11","slug":"sikafil-power-12-anos-gris-cunete","status":"publish","type":"product","link":"https:\/\/laespanola.co\/tienda\/producto\/sikafil-power-12-anos-gris-cunete\/","title":{"rendered":"Sikafill Power gris 12 a\u00f1os cu\u00f1ete"},"content":{"rendered":"<div class=\"row\">\n<div class=\"col-12\">\n<div class=\"product-details-header\">\n<p class=\"product-short-description\">IMPERMEABILIZANTE ACR\u00cdLICO CON TECNOLOG\u00cdA DFX Y FIBRAS PARA IMPERMEABILIZAR CUBIERTAS.<\/p>\n<\/div>\n<\/div>\n<\/div>\n<div class=\"product-description-text pdt-opened\">\n<div class=\"pd-inner-text\"><strong>SikaFill\u00ae-12 Power<\/strong>\u00a0es un recubrimiento el\u00e1stico impermeable, para la impermeabilizaci\u00f3n flexible de cubiertas y terrazas. Este producto tiene una nueva f\u00f3rmula mejorada con tecnolog\u00eda DFX, la cual aumenta la durabilidad y flexibilidad del producto gracias a que contiene pol\u00edmeros de \u00faltima generaci\u00f3n. Este producto tambi\u00e9n contiene fibras, las cuales permiten puentear mejor las fisuras del sustrato.<\/div>\n<\/div>\n","protected":false},"excerpt":{"rendered":"<p><a class=\"btn_ficha\" href=\"https:\/\/laespanola.co\/tienda\/wp-content\/uploads\/2019\/12\/FICHA-TECNICA-SikaFill_Power_12_A\u00f1os-2.pdf\" target=\"_blank\" rel=\"noopener noreferrer\">DESCARGAR FICHA T\u00c9CNICA<\/a><\/p>\n","protected":false},"featured_media":1302,"template":"","meta":[],"product_brand":[],"product_cat":[118],"product_tag":[],"class_list":{"0":"post-1301","1":"product","2":"type-product","3":"status-publish","4":"has-post-thumbnail","6":"product_cat-impermeabilizantes","8":"first","9":"instock","10":"shipping-taxable","11":"purchasable","12":"product-type-simple"},"_links":{"self":[{"href":"https:\/\/laespanola.co\/tienda\/wp-json\/wp\/v2\/product\/1301","targetHints":{"allow":["GET"]}}],"collection":[{"href":"https:\/\/laespanola.co\/tienda\/wp-json\/wp\/v2\/product"}],"about":[{"href":"https:\/\/laespanola.co\/tienda\/wp-json\/wp\/v2\/types\/product"}],"version-history":[{"count":0,"href":"https:\/\/laespanola.co\/tienda\/wp-json\/wp\/v2\/product\/1301\/revisions"}],"wp:featuredmedia":[{"embeddable":true,"href":"https:\/\/laespanola.co\/tienda\/wp-json\/wp\/v2\/media\/1302"}],"wp:attachment":[{"href":"https:\/\/laespanola.co\/tienda\/wp-json\/wp\/v2\/media?parent=1301"}],"wp:term":[{"taxonomy":"product_brand","embeddable":true,"href":"https:\/\/laespanola.co\/tienda\/wp-json\/wp\/v2\/product_brand?post=1301"},{"taxonomy":"product_cat","embeddable":true,"href":"https:\/\/laespanola.co\/tienda\/wp-json\/wp\/v2\/product_cat?post=1301"},{"taxonomy":"product_tag","embeddable":true,"href":"https:\/\/laespanola.co\/tienda\/wp-json\/wp\/v2\/product_tag?post=1301"}],"curies":[{"name":"wp","href":"https:\/\/api.w.org\/{rel}","templated":true}]}}