{"id":1418,"date":"2020-02-05T12:06:28","date_gmt":"2020-02-05T17:06:28","guid":{"rendered":"https:\/\/laespanola.co\/tienda\/?post_type=product&#038;p=1418"},"modified":"2024-04-29T09:51:24","modified_gmt":"2024-04-29T14:51:24","slug":"imprimante-vinilo-pva","status":"publish","type":"product","link":"https:\/\/laespanola.co\/tienda\/producto\/imprimante-vinilo-pva\/","title":{"rendered":"Imprimante de Vinilo Cu\u00f1ete"},"content":{"rendered":"<p>CARACTER\u00cdSTICAS<\/p>\n<p>27 \u2013 30 % de s\u00f3lidos, mejora la aplicaci\u00f3n, adherencia y rendimiento de los vinilos.<\/p>\n<p>RENDIMIENTO<\/p>\n<p>40 \u2013 50 m2\/G<\/p>\n<p>PRESENTACI\u00d3N<\/p>\n","protected":false},"excerpt":{"rendered":"<p>Se utiliza para sellar paredes, superficies porosas de estucos, maderas, ladrillos, asbesto y mamposter\u00eda en general en ambientes interiores. Tambi\u00e9n sirve como aglutinante para acabados r\u00fasticos y para dar acabado en muros de ladrillos, piedras o cemento.<\/p>\n","protected":false},"featured_media":1419,"template":"","meta":[],"product_brand":[],"product_cat":[118],"product_tag":[],"class_list":{"0":"post-1418","1":"product","2":"type-product","3":"status-publish","4":"has-post-thumbnail","6":"product_cat-impermeabilizantes","8":"first","9":"instock","10":"shipping-taxable","11":"purchasable","12":"product-type-simple"},"_links":{"self":[{"href":"https:\/\/laespanola.co\/tienda\/wp-json\/wp\/v2\/product\/1418","targetHints":{"allow":["GET"]}}],"collection":[{"href":"https:\/\/laespanola.co\/tienda\/wp-json\/wp\/v2\/product"}],"about":[{"href":"https:\/\/laespanola.co\/tienda\/wp-json\/wp\/v2\/types\/product"}],"version-history":[{"count":0,"href":"https:\/\/laespanola.co\/tienda\/wp-json\/wp\/v2\/product\/1418\/revisions"}],"wp:featuredmedia":[{"embeddable":true,"href":"https:\/\/laespanola.co\/tienda\/wp-json\/wp\/v2\/media\/1419"}],"wp:attachment":[{"href":"https:\/\/laespanola.co\/tienda\/wp-json\/wp\/v2\/media?parent=1418"}],"wp:term":[{"taxonomy":"product_brand","embeddable":true,"href":"https:\/\/laespanola.co\/tienda\/wp-json\/wp\/v2\/product_brand?post=1418"},{"taxonomy":"product_cat","embeddable":true,"href":"https:\/\/laespanola.co\/tienda\/wp-json\/wp\/v2\/product_cat?post=1418"},{"taxonomy":"product_tag","embeddable":true,"href":"https:\/\/laespanola.co\/tienda\/wp-json\/wp\/v2\/product_tag?post=1418"}],"curies":[{"name":"wp","href":"https:\/\/api.w.org\/{rel}","templated":true}]}}