{"id":1425,"date":"2020-02-05T12:12:23","date_gmt":"2020-02-05T17:12:23","guid":{"rendered":"https:\/\/laespanola.co\/tienda\/?post_type=product&#038;p=1425"},"modified":"2024-04-29T09:41:33","modified_gmt":"2024-04-29T14:41:33","slug":"placco-k-89-impermeabilizante-1-galon","status":"publish","type":"product","link":"https:\/\/laespanola.co\/tienda\/producto\/placco-k-89-impermeabilizante-1-galon\/","title":{"rendered":"Placco k-89 galon"},"content":{"rendered":"<p>Atributo Detalle<br \/>\nTipo Impermeabilizantes<br \/>\nCaracter\u00edsticas Placco, sellado de gran adherencia y f\u00e1cil manejo, conserva sus propiedades impermeabilizantes por mucho tiempo sin cuartearse ni desprenderse.<br \/>\nContenido 4,16 kilos<br \/>\nRendimiento aproximado 8 a 10 m2\/gal\u00f3n<br \/>\nObservaciones La foto de este producto ha sido ambientada, por lo cual no incluye ning\u00fan adorno, ni accesorios, ni piezas adicionales ni ning\u00fan otro elemento que lo acompa\u00f1an. El color presentado en la fotograf\u00eda es una aproximaci\u00f3n al color real.<br \/>\nUso De uso en toda clase de superficies que no est\u00e1n sometidas a presi\u00f3n de agua y se encuentren fuera del nivel de tierra<br \/>\nRecomendaciones Limpia bien la superficie antes de aplicar el impermeabilizante. Si es necesario, utiliza palustre, esp\u00e1tula \u00f3 grata met\u00e1lica para retirar materiales viejos<br \/>\nColor Blanco<br \/>\nZona Nacional<\/p>\n","protected":false},"excerpt":{"rendered":"<p>Atributo Detalle Tipo Impermeabilizantes Caracter\u00edsticas Placco, sellado de gran adherencia y f\u00e1cil manejo, conserva sus propiedades impermeabilizantes por mucho tiempo sin cuartearse ni desprenderse. Contenido 4,16 kilos Rendimiento aproximado 8 a 10 m2\/gal\u00f3n Observaciones La foto de este producto ha sido ambientada, por lo cual no incluye ning\u00fan adorno, ni accesorios, ni piezas adicionales ni [&hellip;]<\/p>\n","protected":false},"featured_media":1426,"template":"","meta":[],"product_brand":[],"product_cat":[118],"product_tag":[],"class_list":{"0":"post-1425","1":"product","2":"type-product","3":"status-publish","4":"has-post-thumbnail","6":"product_cat-impermeabilizantes","8":"first","9":"instock","10":"shipping-taxable","11":"purchasable","12":"product-type-simple"},"_links":{"self":[{"href":"https:\/\/laespanola.co\/tienda\/wp-json\/wp\/v2\/product\/1425","targetHints":{"allow":["GET"]}}],"collection":[{"href":"https:\/\/laespanola.co\/tienda\/wp-json\/wp\/v2\/product"}],"about":[{"href":"https:\/\/laespanola.co\/tienda\/wp-json\/wp\/v2\/types\/product"}],"version-history":[{"count":0,"href":"https:\/\/laespanola.co\/tienda\/wp-json\/wp\/v2\/product\/1425\/revisions"}],"wp:featuredmedia":[{"embeddable":true,"href":"https:\/\/laespanola.co\/tienda\/wp-json\/wp\/v2\/media\/1426"}],"wp:attachment":[{"href":"https:\/\/laespanola.co\/tienda\/wp-json\/wp\/v2\/media?parent=1425"}],"wp:term":[{"taxonomy":"product_brand","embeddable":true,"href":"https:\/\/laespanola.co\/tienda\/wp-json\/wp\/v2\/product_brand?post=1425"},{"taxonomy":"product_cat","embeddable":true,"href":"https:\/\/laespanola.co\/tienda\/wp-json\/wp\/v2\/product_cat?post=1425"},{"taxonomy":"product_tag","embeddable":true,"href":"https:\/\/laespanola.co\/tienda\/wp-json\/wp\/v2\/product_tag?post=1425"}],"curies":[{"name":"wp","href":"https:\/\/api.w.org\/{rel}","templated":true}]}}