{"id":1427,"date":"2020-02-05T12:13:23","date_gmt":"2020-02-05T17:13:23","guid":{"rendered":"https:\/\/laespanola.co\/tienda\/?post_type=product&#038;p=1427"},"modified":"2024-04-29T09:36:13","modified_gmt":"2024-04-29T14:36:13","slug":"placco-emulsion-economax-cunete","status":"publish","type":"product","link":"https:\/\/laespanola.co\/tienda\/producto\/placco-emulsion-economax-cunete\/","title":{"rendered":"Emulsi\u00f3n Asf\u00e1ltica Economax Cu\u00f1ete"},"content":{"rendered":"<p>USO<\/p>\n<p>Impermeabilizante asfaltico de uso general para concreto, mortero, ladrillo, lozas, maderas y metales.<\/p>\n<p>CARACTER\u00cdSTICAS<\/p>\n<p>Es un impermeabilizante para aplicaci\u00f3n en fr\u00edo y soporta cualquier cambio de temperatura, manteniendo sus propiedades originales.<\/p>\n<p>RENDIMIENTO<\/p>\n<p>El rendimiento aproximado es de 8 a 10 m2\/Gal\u00f3n en planchas de concreto \u00f3 techos de asbesto-cemento.<\/p>\n<p>PRESENTACI\u00d3N<\/p>\n<p>Cu\u00f1ete, Gal\u00f3n, Tambor<\/p>\n","protected":false},"excerpt":{"rendered":"<p>USO Impermeabilizante asfaltico de uso general para concreto, mortero, ladrillo, lozas, maderas y metales. CARACTER\u00cdSTICAS Es un impermeabilizante para aplicaci\u00f3n en fr\u00edo y soporta cualquier cambio de temperatura, manteniendo sus propiedades originales. RENDIMIENTO El rendimiento aproximado es de 8 a 10 m2\/Gal\u00f3n en planchas de concreto \u00f3 techos de asbesto-cemento. PRESENTACI\u00d3N Cu\u00f1ete, Gal\u00f3n, Tambor<\/p>\n","protected":false},"featured_media":1428,"template":"","meta":[],"product_brand":[],"product_cat":[118],"product_tag":[],"class_list":{"0":"post-1427","1":"product","2":"type-product","3":"status-publish","4":"has-post-thumbnail","6":"product_cat-impermeabilizantes","8":"first","9":"instock","10":"shipping-taxable","11":"purchasable","12":"product-type-simple"},"_links":{"self":[{"href":"https:\/\/laespanola.co\/tienda\/wp-json\/wp\/v2\/product\/1427","targetHints":{"allow":["GET"]}}],"collection":[{"href":"https:\/\/laespanola.co\/tienda\/wp-json\/wp\/v2\/product"}],"about":[{"href":"https:\/\/laespanola.co\/tienda\/wp-json\/wp\/v2\/types\/product"}],"version-history":[{"count":0,"href":"https:\/\/laespanola.co\/tienda\/wp-json\/wp\/v2\/product\/1427\/revisions"}],"wp:featuredmedia":[{"embeddable":true,"href":"https:\/\/laespanola.co\/tienda\/wp-json\/wp\/v2\/media\/1428"}],"wp:attachment":[{"href":"https:\/\/laespanola.co\/tienda\/wp-json\/wp\/v2\/media?parent=1427"}],"wp:term":[{"taxonomy":"product_brand","embeddable":true,"href":"https:\/\/laespanola.co\/tienda\/wp-json\/wp\/v2\/product_brand?post=1427"},{"taxonomy":"product_cat","embeddable":true,"href":"https:\/\/laespanola.co\/tienda\/wp-json\/wp\/v2\/product_cat?post=1427"},{"taxonomy":"product_tag","embeddable":true,"href":"https:\/\/laespanola.co\/tienda\/wp-json\/wp\/v2\/product_tag?post=1427"}],"curies":[{"name":"wp","href":"https:\/\/api.w.org\/{rel}","templated":true}]}}