{"id":1453,"date":"2020-02-11T11:37:13","date_gmt":"2020-02-11T16:37:13","guid":{"rendered":"https:\/\/laespanola.co\/tienda\/?post_type=product&#038;p=1453"},"modified":"2025-08-07T01:58:47","modified_gmt":"2025-08-07T06:58:47","slug":"griferia-para-ducha-sencilla-piscis-grival","status":"publish","type":"product","link":"https:\/\/laespanola.co\/tienda\/producto\/griferia-para-ducha-sencilla-piscis-grival\/","title":{"rendered":"Ducha Sencilla Briza Grival 544355551"},"content":{"rendered":"<p>Atributo Detalle<br \/>\nConexi\u00f3n red de agua 1\/2 pulgada<br \/>\nGarant\u00eda 30 a\u00f1os por defectos de fabricaci\u00f3n y 5 para acabados<br \/>\nPa\u00eds de origen Colombia<br \/>\nConsumo 9.5 Litros por minuto<br \/>\nTerminaci\u00f3n Cromado<br \/>\nDespacho Express Entrega 3 horas en Bogot\u00e1<br \/>\nAlto 28,6 cm<br \/>\nMaterial Metal &#8211; pl\u00e1stico<br \/>\nUso Residencial<br \/>\nAncho 9,4 cm<br \/>\nColor Cromo<br \/>\nPeso 0,37 kg<br \/>\nTipo Sencilla<br \/>\nIncluye Registro ducha, tap\u00f3n prueba hidr\u00e1ulica, brazo regadera, manijas, regadera, escudo, instructivo.<\/p>\n","protected":false},"excerpt":{"rendered":"<p>Atributo Detalle Conexi\u00f3n red de agua 1\/2 pulgada Garant\u00eda 30 a\u00f1os por defectos de fabricaci\u00f3n y 5 para acabados Pa\u00eds de origen Colombia Consumo 9.5 Litros por minuto Terminaci\u00f3n Cromado Despacho Express Entrega 3 horas en Bogot\u00e1 Alto 28,6 cm Material Metal &#8211; pl\u00e1stico Uso Residencial Ancho 9,4 cm Color Cromo Peso 0,37 kg Tipo [&hellip;]<\/p>\n","protected":false},"featured_media":1454,"template":"","meta":[],"product_brand":[],"product_cat":[164],"product_tag":[],"class_list":{"0":"post-1453","1":"product","2":"type-product","3":"status-publish","4":"has-post-thumbnail","6":"product_cat-duchas","8":"first","9":"instock","10":"shipping-taxable","11":"purchasable","12":"product-type-simple"},"_links":{"self":[{"href":"https:\/\/laespanola.co\/tienda\/wp-json\/wp\/v2\/product\/1453","targetHints":{"allow":["GET"]}}],"collection":[{"href":"https:\/\/laespanola.co\/tienda\/wp-json\/wp\/v2\/product"}],"about":[{"href":"https:\/\/laespanola.co\/tienda\/wp-json\/wp\/v2\/types\/product"}],"version-history":[{"count":0,"href":"https:\/\/laespanola.co\/tienda\/wp-json\/wp\/v2\/product\/1453\/revisions"}],"wp:featuredmedia":[{"embeddable":true,"href":"https:\/\/laespanola.co\/tienda\/wp-json\/wp\/v2\/media\/1454"}],"wp:attachment":[{"href":"https:\/\/laespanola.co\/tienda\/wp-json\/wp\/v2\/media?parent=1453"}],"wp:term":[{"taxonomy":"product_brand","embeddable":true,"href":"https:\/\/laespanola.co\/tienda\/wp-json\/wp\/v2\/product_brand?post=1453"},{"taxonomy":"product_cat","embeddable":true,"href":"https:\/\/laespanola.co\/tienda\/wp-json\/wp\/v2\/product_cat?post=1453"},{"taxonomy":"product_tag","embeddable":true,"href":"https:\/\/laespanola.co\/tienda\/wp-json\/wp\/v2\/product_tag?post=1453"}],"curies":[{"name":"wp","href":"https:\/\/api.w.org\/{rel}","templated":true}]}}