{"id":1521,"date":"2020-02-24T09:29:58","date_gmt":"2020-02-24T14:29:58","guid":{"rendered":"https:\/\/laespanola.co\/tienda\/?post_type=product&#038;p=1521"},"modified":"2025-03-07T14:50:08","modified_gmt":"2025-03-07T19:50:08","slug":"griferia-lavaplatos-balta-cruceta-sencillo","status":"publish","type":"product","link":"https:\/\/laespanola.co\/tienda\/producto\/griferia-lavaplatos-balta-cruceta-sencillo\/","title":{"rendered":"Llave Lavaplatos Balta Cruceta"},"content":{"rendered":"<p>color negro \/ cromo<\/p>\n<p>referencia 41513 grival<\/p>\n","protected":false},"excerpt":{"rendered":"<p>Sistema apertura a 90\u00ba grados. Elaborado en resina de alta ingenier\u00eda, soporta altas presiones y temperatura elevadas. Material Met\u00e1lico, dise\u00f1o elegante y discreto con un toque de distinci\u00f3n<\/p>\n","protected":false},"featured_media":1522,"template":"","meta":[],"product_brand":[],"product_cat":[103],"product_tag":[],"class_list":{"0":"post-1521","1":"product","2":"type-product","3":"status-publish","4":"has-post-thumbnail","6":"product_cat-cocina","8":"first","9":"instock","10":"shipping-taxable","11":"purchasable","12":"product-type-simple"},"_links":{"self":[{"href":"https:\/\/laespanola.co\/tienda\/wp-json\/wp\/v2\/product\/1521","targetHints":{"allow":["GET"]}}],"collection":[{"href":"https:\/\/laespanola.co\/tienda\/wp-json\/wp\/v2\/product"}],"about":[{"href":"https:\/\/laespanola.co\/tienda\/wp-json\/wp\/v2\/types\/product"}],"version-history":[{"count":0,"href":"https:\/\/laespanola.co\/tienda\/wp-json\/wp\/v2\/product\/1521\/revisions"}],"wp:featuredmedia":[{"embeddable":true,"href":"https:\/\/laespanola.co\/tienda\/wp-json\/wp\/v2\/media\/1522"}],"wp:attachment":[{"href":"https:\/\/laespanola.co\/tienda\/wp-json\/wp\/v2\/media?parent=1521"}],"wp:term":[{"taxonomy":"product_brand","embeddable":true,"href":"https:\/\/laespanola.co\/tienda\/wp-json\/wp\/v2\/product_brand?post=1521"},{"taxonomy":"product_cat","embeddable":true,"href":"https:\/\/laespanola.co\/tienda\/wp-json\/wp\/v2\/product_cat?post=1521"},{"taxonomy":"product_tag","embeddable":true,"href":"https:\/\/laespanola.co\/tienda\/wp-json\/wp\/v2\/product_tag?post=1521"}],"curies":[{"name":"wp","href":"https:\/\/api.w.org\/{rel}","templated":true}]}}