{"id":1539,"date":"2020-02-24T10:00:56","date_gmt":"2020-02-24T15:00:56","guid":{"rendered":"https:\/\/laespanola.co\/tienda\/?post_type=product&#038;p=1539"},"modified":"2025-03-07T13:57:08","modified_gmt":"2025-03-07T18:57:08","slug":"tele-ducha-con-llave-movil-pared-tedesca-gricol-tb-2000-11","status":"publish","type":"product","link":"https:\/\/laespanola.co\/tienda\/producto\/tele-ducha-con-llave-movil-pared-tedesca-gricol-tb-2000-11\/","title":{"rendered":"Ducha Tel\u00e9fono 3 chorros 1923-11 Gricol"},"content":{"rendered":"<p>Los productos fabricados y comercializados por Gricol SA est\u00e1n cubiertos por garant\u00eda de:<\/p>\n<p>1) Grifer\u00edas, accesorios y complementos: 20 a\u00f1os.<\/p>\n<p>2) Porcelana Sanitaria: Ilimitada y limitada en los accesorios.<\/p>\n<p>3) Lavaplatos: 5 a\u00f1os.<\/p>\n<p>4) Institucional: 2 a 5 a\u00f1os dependiendo el producto.<\/p>\n","protected":false},"excerpt":{"rendered":"<div class=\"col-sm-12\">\n<div id=\"tab-1\">\n<h5>Caracter\u00edsticas Generales<\/h5>\n<p>Medida salida del agua: 8,5 cms de di\u00e1metro<br \/>\nSalida del agua con 5 funciones<br \/>\nIncluye soporte de fijaci\u00f3n a la pared y desviador<br \/>\nIncluye manguera pl\u00e1stica de 150 cms<br \/>\nCa\u00edda del agua fija tipo lluvia<br \/>\nCromado resistente al desgaste y la corrosi\u00f3n<\/p>\n<h5>Caracter\u00edsticas T\u00e9cnicas<\/h5>\n<p>Conexi\u00f3n desviador: 1\/2 \u00abmacho<br \/>\nConsumo promedio: 11,5 L \/ min a 80 psi<br \/>\nCumplimiento de normas: NTC 1644<br \/>\nTemperatura de trabajo: 5 \u00b0 CA 71 \u00b0 C<\/p>\n<\/div>\n<\/div>\n<p>&nbsp;<\/p>\n","protected":false},"featured_media":1540,"template":"","meta":[],"product_brand":[],"product_cat":[164],"product_tag":[],"class_list":{"0":"post-1539","1":"product","2":"type-product","3":"status-publish","4":"has-post-thumbnail","6":"product_cat-duchas","8":"first","9":"instock","10":"shipping-taxable","11":"purchasable","12":"product-type-simple"},"_links":{"self":[{"href":"https:\/\/laespanola.co\/tienda\/wp-json\/wp\/v2\/product\/1539","targetHints":{"allow":["GET"]}}],"collection":[{"href":"https:\/\/laespanola.co\/tienda\/wp-json\/wp\/v2\/product"}],"about":[{"href":"https:\/\/laespanola.co\/tienda\/wp-json\/wp\/v2\/types\/product"}],"version-history":[{"count":0,"href":"https:\/\/laespanola.co\/tienda\/wp-json\/wp\/v2\/product\/1539\/revisions"}],"wp:featuredmedia":[{"embeddable":true,"href":"https:\/\/laespanola.co\/tienda\/wp-json\/wp\/v2\/media\/1540"}],"wp:attachment":[{"href":"https:\/\/laespanola.co\/tienda\/wp-json\/wp\/v2\/media?parent=1539"}],"wp:term":[{"taxonomy":"product_brand","embeddable":true,"href":"https:\/\/laespanola.co\/tienda\/wp-json\/wp\/v2\/product_brand?post=1539"},{"taxonomy":"product_cat","embeddable":true,"href":"https:\/\/laespanola.co\/tienda\/wp-json\/wp\/v2\/product_cat?post=1539"},{"taxonomy":"product_tag","embeddable":true,"href":"https:\/\/laespanola.co\/tienda\/wp-json\/wp\/v2\/product_tag?post=1539"}],"curies":[{"name":"wp","href":"https:\/\/api.w.org\/{rel}","templated":true}]}}