{"id":1564,"date":"2020-02-24T10:48:47","date_gmt":"2020-02-24T15:48:47","guid":{"rendered":"https:\/\/laespanola.co\/tienda\/?post_type=product&#038;p=1564"},"modified":"2025-03-01T08:31:46","modified_gmt":"2025-03-01T13:31:46","slug":"tina-francesa-181x123-para-empotrar","status":"publish","type":"product","link":"https:\/\/laespanola.co\/tienda\/producto\/tina-francesa-181x123-para-empotrar\/","title":{"rendered":"Hidromasaje Honolulu  Ref: VHPT01-0005-FIRPLAK"},"content":{"rendered":"<p>Jacuzzi port\u00e1til de interior ideal para dos personas, dise\u00f1o ergon\u00f3mico con 12 potentes jets para realizar masajes en las principales zonas musculares del cuerpo. Vive la mejor experiencia de relajaci\u00f3n y descanso con tu Spa en casa.<\/p>\n<p>INCLUYE:<\/p>\n<table style=\"height: 234px;\" border=\"1\" width=\"379\">\n<tbody>\n<tr>\n<td>Hidrojets (6)<\/td>\n<td>\u00a0Microjets (6)<\/td>\n<\/tr>\n<tr>\n<td>\u00a0Luces led (2)<\/td>\n<td>\u00a0Almohadas (2)<\/td>\n<\/tr>\n<tr>\n<td>\u00a0Kit teleducha<\/td>\n<td>Cascada peque\u00f1a<\/td>\n<\/tr>\n<tr>\n<td>\u00a0Panel digital<\/td>\n<td>\u00a0Regulador de presi\u00f3n<\/td>\n<\/tr>\n<tr>\n<td>\u00a0Rebose<\/td>\n<td>\u00a0Boquilla de succi\u00f3n<\/td>\n<\/tr>\n<tr>\n<td>\u00a0Fald\u00f3n lateral (L)<\/td>\n<\/tr>\n<\/tbody>\n<\/table>\n","protected":false},"excerpt":{"rendered":"<p>Jacuzzi port\u00e1til de interior ideal para dos personas<\/p>\n","protected":false},"featured_media":2321,"template":"","meta":[],"product_brand":[],"product_cat":[164],"product_tag":[],"class_list":{"0":"post-1564","1":"product","2":"type-product","3":"status-publish","4":"has-post-thumbnail","6":"product_cat-duchas","8":"first","9":"instock","10":"shipping-taxable","11":"purchasable","12":"product-type-simple"},"_links":{"self":[{"href":"https:\/\/laespanola.co\/tienda\/wp-json\/wp\/v2\/product\/1564","targetHints":{"allow":["GET"]}}],"collection":[{"href":"https:\/\/laespanola.co\/tienda\/wp-json\/wp\/v2\/product"}],"about":[{"href":"https:\/\/laespanola.co\/tienda\/wp-json\/wp\/v2\/types\/product"}],"version-history":[{"count":0,"href":"https:\/\/laespanola.co\/tienda\/wp-json\/wp\/v2\/product\/1564\/revisions"}],"wp:featuredmedia":[{"embeddable":true,"href":"https:\/\/laespanola.co\/tienda\/wp-json\/wp\/v2\/media\/2321"}],"wp:attachment":[{"href":"https:\/\/laespanola.co\/tienda\/wp-json\/wp\/v2\/media?parent=1564"}],"wp:term":[{"taxonomy":"product_brand","embeddable":true,"href":"https:\/\/laespanola.co\/tienda\/wp-json\/wp\/v2\/product_brand?post=1564"},{"taxonomy":"product_cat","embeddable":true,"href":"https:\/\/laespanola.co\/tienda\/wp-json\/wp\/v2\/product_cat?post=1564"},{"taxonomy":"product_tag","embeddable":true,"href":"https:\/\/laespanola.co\/tienda\/wp-json\/wp\/v2\/product_tag?post=1564"}],"curies":[{"name":"wp","href":"https:\/\/api.w.org\/{rel}","templated":true}]}}