{"id":1589,"date":"2020-03-11T11:26:08","date_gmt":"2020-03-11T16:26:08","guid":{"rendered":"https:\/\/laespanola.co\/tienda\/?post_type=product&#038;p=1589"},"modified":"2025-03-07T14:54:05","modified_gmt":"2025-03-07T19:54:05","slug":"toallero-barra-nilo","status":"publish","type":"product","link":"https:\/\/laespanola.co\/tienda\/producto\/toallero-barra-nilo\/","title":{"rendered":"Toallero barra Nilo"},"content":{"rendered":"<p>Garant\u00eda 45 a\u00f1os por defectos de fabricaci\u00f3n y 5 para acabados<br \/>\nPa\u00eds de origen Colombia<br \/>\nTipo Toallero<br \/>\nObservaciones El color presentado en la fotograf\u00eda es una aproximaci\u00f3n al color real.<br \/>\nAlto 9 cm<br \/>\nUso Ba\u00f1os<br \/>\nAncho 9 cm<br \/>\nL\u00ednea L\u00ednea Nilo<\/p>\n","protected":false},"excerpt":{"rendered":"<p>Toallero para ba\u00f1o, resistente, combina con todos los ambientes, de f\u00e1cil instalaci\u00f3n y limpieza.<\/p>\n","protected":false},"featured_media":1590,"template":"","meta":[],"product_brand":[],"product_cat":[164],"product_tag":[],"class_list":{"0":"post-1589","1":"product","2":"type-product","3":"status-publish","4":"has-post-thumbnail","6":"product_cat-duchas","8":"first","9":"instock","10":"shipping-taxable","11":"purchasable","12":"product-type-simple"},"_links":{"self":[{"href":"https:\/\/laespanola.co\/tienda\/wp-json\/wp\/v2\/product\/1589","targetHints":{"allow":["GET"]}}],"collection":[{"href":"https:\/\/laespanola.co\/tienda\/wp-json\/wp\/v2\/product"}],"about":[{"href":"https:\/\/laespanola.co\/tienda\/wp-json\/wp\/v2\/types\/product"}],"version-history":[{"count":0,"href":"https:\/\/laespanola.co\/tienda\/wp-json\/wp\/v2\/product\/1589\/revisions"}],"wp:featuredmedia":[{"embeddable":true,"href":"https:\/\/laespanola.co\/tienda\/wp-json\/wp\/v2\/media\/1590"}],"wp:attachment":[{"href":"https:\/\/laespanola.co\/tienda\/wp-json\/wp\/v2\/media?parent=1589"}],"wp:term":[{"taxonomy":"product_brand","embeddable":true,"href":"https:\/\/laespanola.co\/tienda\/wp-json\/wp\/v2\/product_brand?post=1589"},{"taxonomy":"product_cat","embeddable":true,"href":"https:\/\/laespanola.co\/tienda\/wp-json\/wp\/v2\/product_cat?post=1589"},{"taxonomy":"product_tag","embeddable":true,"href":"https:\/\/laespanola.co\/tienda\/wp-json\/wp\/v2\/product_tag?post=1589"}],"curies":[{"name":"wp","href":"https:\/\/api.w.org\/{rel}","templated":true}]}}