{"id":1667,"date":"2020-04-20T15:20:32","date_gmt":"2020-04-20T20:20:32","guid":{"rendered":"https:\/\/laespanola.co\/tienda\/?post_type=product&#038;p=1667"},"modified":"2025-03-07T13:55:19","modified_gmt":"2025-03-07T18:55:19","slug":"ducha-sencilla-aluvia-palanca-2","status":"publish","type":"product","link":"https:\/\/laespanola.co\/tienda\/producto\/ducha-sencilla-aluvia-palanca-2\/","title":{"rendered":"Ducha Sencilla Aluvia Plca AV405 Grival"},"content":{"rendered":"<p>Especificaciones<br \/>\nTecnolog\u00edas DuraCrome<br \/>\nEcoStream<br \/>\nUso Residencial<br \/>\nColecci\u00f3n Aluvia<br \/>\nL\u00ednea Aluvia<br \/>\nMateriales Pol\u00edmero de alta ingenier\u00eda<br \/>\nMetal<br \/>\nAcabado Cromado<br \/>\nAlto 36 cm<br \/>\nLargo 36.3 cm<br \/>\nAncho 11.8 cm<br \/>\nForma Cuadrado<br \/>\nDimensi\u00f3n de la regadera 11.80<br \/>\nLongitud del brazo 36.3<br \/>\nTipo de regadera Di\u00e1metro amplio<br \/>\nCon funciones<br \/>\nRegadera con brazo<br \/>\nTipo mezclador Sencillo<br \/>\nTipo de grifer\u00eda Sencilla<br \/>\nTipo de chorro Tipo lluvia<br \/>\nHidromasaje<br \/>\nTipo de manija\/accionamiento Palanca<br \/>\nSistema de accionamiento palanca<br \/>\nConsumo de agua 7.3 lt<br \/>\nRango de presi\u00f3n de agua Entre 20 y 125 psi<br \/>\nTemperatura de uso Entre 5\u02daC y 71\u02daC<br \/>\nCapacidad de flujo 7.30 l\/m m\u00e1ximo a 80 psi<br \/>\nProductos compatibles Desviadores para ducha<br \/>\nTeleduchas<br \/>\nAccesorios individuales<br \/>\nKits de accesorios para ba\u00f1o<br \/>\nIncluye Cuerpo<br \/>\nRegadera<br \/>\nBrazo de la regadera y escudo<br \/>\nManija<br \/>\nGarant\u00eda 30 a\u00f1os en estructura<br \/>\nGarant\u00edas de otros componentes 5 a\u00f1os en acabados<br \/>\nResistencia Resistente a la corrosi\u00f3n<br \/>\npelado y decoloraci\u00f3n por agua<\/p>\n","protected":false},"excerpt":{"rendered":"<p>La ducha Aluvia integra l\u00edneas y formas como las de una erosi\u00f3n aluvial Es de ultraahorro y con cierre de f\u00e1cil giro y pr\u00e1ctico. \u00a1P\u00eddela ahora!<\/p>\n","protected":false},"featured_media":1669,"template":"","meta":[],"product_brand":[],"product_cat":[164],"product_tag":[],"class_list":{"0":"post-1667","1":"product","2":"type-product","3":"status-publish","4":"has-post-thumbnail","6":"product_cat-duchas","8":"first","9":"instock","10":"shipping-taxable","11":"purchasable","12":"product-type-simple"},"_links":{"self":[{"href":"https:\/\/laespanola.co\/tienda\/wp-json\/wp\/v2\/product\/1667","targetHints":{"allow":["GET"]}}],"collection":[{"href":"https:\/\/laespanola.co\/tienda\/wp-json\/wp\/v2\/product"}],"about":[{"href":"https:\/\/laespanola.co\/tienda\/wp-json\/wp\/v2\/types\/product"}],"version-history":[{"count":0,"href":"https:\/\/laespanola.co\/tienda\/wp-json\/wp\/v2\/product\/1667\/revisions"}],"wp:featuredmedia":[{"embeddable":true,"href":"https:\/\/laespanola.co\/tienda\/wp-json\/wp\/v2\/media\/1669"}],"wp:attachment":[{"href":"https:\/\/laespanola.co\/tienda\/wp-json\/wp\/v2\/media?parent=1667"}],"wp:term":[{"taxonomy":"product_brand","embeddable":true,"href":"https:\/\/laespanola.co\/tienda\/wp-json\/wp\/v2\/product_brand?post=1667"},{"taxonomy":"product_cat","embeddable":true,"href":"https:\/\/laespanola.co\/tienda\/wp-json\/wp\/v2\/product_cat?post=1667"},{"taxonomy":"product_tag","embeddable":true,"href":"https:\/\/laespanola.co\/tienda\/wp-json\/wp\/v2\/product_tag?post=1667"}],"curies":[{"name":"wp","href":"https:\/\/api.w.org\/{rel}","templated":true}]}}