{"id":1795,"date":"2020-05-12T11:16:12","date_gmt":"2020-05-12T16:16:12","guid":{"rendered":"https:\/\/laespanola.co\/tienda\/?post_type=product&#038;p=1795"},"modified":"2025-03-11T10:12:52","modified_gmt":"2025-03-11T15:12:52","slug":"alambre-de-puas-puma","status":"publish","type":"product","link":"https:\/\/laespanola.co\/tienda\/producto\/alambre-de-puas-puma\/","title":{"rendered":"Alambre de p\u00faas rollo Cal12.5X350Mts"},"content":{"rendered":"<p>Es fabricado con alambre galvanizado; es una excelente opci\u00f3n por su buena calidad y su buen precio.<br \/>\nF\u00e1cil de manipular por su bajo peso, su gran resistencia y el uso de la tecnolog\u00eda reverse twist (torsi\u00f3n alterna).<\/p>\n<p>Beneficios:<br \/>\nAlta resistencia a la rotura.<br \/>\nNo se deforma, la torsi\u00f3n alterna evita la tendencia a formar resortes al desenrollar.<br \/>\nMayor comodidad en el manejo debido a su bajo peso.<br \/>\nPosee m\u00e1s metros por kilo.<br \/>\nP\u00faa sobrepuesta en la l\u00ednea de alambre.<\/p>\n","protected":false},"excerpt":{"rendered":"<p>Es fabricado con alambre galvanizado; es una excelente opci\u00f3n por su buena calidad y su buen precio. F\u00e1cil de manipular por su bajo peso, su gran resistencia y el uso de la tecnolog\u00eda reverse twist (torsi\u00f3n alterna). Beneficios: Alta resistencia a la rotura. No se deforma, la torsi\u00f3n alterna evita la tendencia a formar resortes [&hellip;]<\/p>\n","protected":false},"featured_media":1798,"template":"","meta":[],"product_brand":[],"product_cat":[110],"product_tag":[],"class_list":{"0":"post-1795","1":"product","2":"type-product","3":"status-publish","4":"has-post-thumbnail","6":"product_cat-galvanizado","8":"first","9":"instock","10":"shipping-taxable","11":"purchasable","12":"product-type-simple"},"_links":{"self":[{"href":"https:\/\/laespanola.co\/tienda\/wp-json\/wp\/v2\/product\/1795","targetHints":{"allow":["GET"]}}],"collection":[{"href":"https:\/\/laespanola.co\/tienda\/wp-json\/wp\/v2\/product"}],"about":[{"href":"https:\/\/laespanola.co\/tienda\/wp-json\/wp\/v2\/types\/product"}],"version-history":[{"count":0,"href":"https:\/\/laespanola.co\/tienda\/wp-json\/wp\/v2\/product\/1795\/revisions"}],"wp:featuredmedia":[{"embeddable":true,"href":"https:\/\/laespanola.co\/tienda\/wp-json\/wp\/v2\/media\/1798"}],"wp:attachment":[{"href":"https:\/\/laespanola.co\/tienda\/wp-json\/wp\/v2\/media?parent=1795"}],"wp:term":[{"taxonomy":"product_brand","embeddable":true,"href":"https:\/\/laespanola.co\/tienda\/wp-json\/wp\/v2\/product_brand?post=1795"},{"taxonomy":"product_cat","embeddable":true,"href":"https:\/\/laespanola.co\/tienda\/wp-json\/wp\/v2\/product_cat?post=1795"},{"taxonomy":"product_tag","embeddable":true,"href":"https:\/\/laespanola.co\/tienda\/wp-json\/wp\/v2\/product_tag?post=1795"}],"curies":[{"name":"wp","href":"https:\/\/api.w.org\/{rel}","templated":true}]}}