{"id":1810,"date":"2020-05-12T11:44:43","date_gmt":"2020-05-12T16:44:43","guid":{"rendered":"https:\/\/laespanola.co\/tienda\/?post_type=product&#038;p=1810"},"modified":"2025-03-11T11:52:53","modified_gmt":"2025-03-11T16:52:53","slug":"sika-boom-espuma-500-cc-sika-200419-ue12","status":"publish","type":"product","link":"https:\/\/laespanola.co\/tienda\/producto\/sika-boom-espuma-500-cc-sika-200419-ue12\/","title":{"rendered":"Sika Boom 500 CC"},"content":{"rendered":"<p>Sika boom espuma 500 cc sika 200419<br \/>\nSika\u00aeBoom es una espuma expansiva de poliuretano, monocomponente, que se presenta con el aspecto de una masa de c\u00e9lulas cerradas y endurece entre 7 y 15 horas seg\u00fan la temperatura y humedad, formando una espuma semirr\u00edgida a 20 oC de temperatura y con humedad relativa del 65 %. La primera pel\u00edcula se forma en la superficie del material a los 20 \u00f3 30 minutos.<br \/>\nBENEFICIOS DEL PRODUCTO<br \/>\nPuede ser aplicada en cualquier posici\u00f3n (360o).<br \/>\nAlto grado de expansi\u00f3n.<br \/>\nF\u00e1cil de aplicar con v\u00e1lvula adaptable.<br \/>\nR\u00e1pido curado.<br \/>\nResistente al envejecimiento.<br \/>\nBuena adherencia sobre la mayor\u00eda de los materiales.<br \/>\nTotalmente endurecido se recorta, se lija, etc., con facilidad.<br \/>\nUna vez endurecido, no le afectan las variaciones de la humedad del aire.<br \/>\nConstituye un aislamiento t\u00e9rmico y ac\u00fastico perfecto.<br \/>\nUn cent\u00edmetro de Sika\u00aeBoom equivale madamente a: 40 cm de hormig\u00f3n, 20 cm de ladrillo o 4 cm de madera de pino.<br \/>\nDisminuye la transmisi\u00f3n de sonidos y ruidos de golpes, entre el 10 % y m\u00e1s del 60 % seg\u00fan la intensidad de aquellos.<br \/>\nA\u00edsla el\u00e9ctricamente (buena rigidez diel\u00e9ctrica del material seco).<\/p>\n<p>\u00c1REAS DE APLICACI\u00d3N<br \/>\nSika\u00aeBoom resuelve la mayor\u00eda de los problemas de aislamiento el\u00e9ctrico y ac\u00fastico, a impactos, olores, corrientes de aire, etc.<br \/>\nProtecci\u00f3n y aislamiento de instalaciones de climatizaci\u00f3n y de ventilaci\u00f3n.<br \/>\nRelleno de cavidades en los cascos de los barcos. Relleno de carpinter\u00eda met\u00e1lica (puentes el\u00e9ctricos). Relleno de cavidades de veh\u00edculos.<br \/>\nRENDIMIENTO<br \/>\nEn condiciones \u00f3ptimas de humedad y temperatura aumenta entre 20 y 30 veces su volumen inicial.<br \/>\nSe recomienda ejecutar siempre ensayos preliminares para verificar consumo en cada proyecto.<\/p>\n","protected":false},"excerpt":{"rendered":"<p>Sika boom espuma 500 cc sika 200419 Sika\u00aeBoom es una espuma expansiva de poliuretano, monocomponente, que se presenta con el aspecto de una masa de c\u00e9lulas cerradas y endurece entre 7 y 15 horas seg\u00fan la temperatura y humedad, formando una espuma semirr\u00edgida a 20 oC de temperatura y con humedad relativa del 65 %. [&hellip;]<\/p>\n","protected":false},"featured_media":1811,"template":"","meta":[],"product_brand":[],"product_cat":[118],"product_tag":[],"class_list":{"0":"post-1810","1":"product","2":"type-product","3":"status-publish","4":"has-post-thumbnail","6":"product_cat-impermeabilizantes","8":"first","9":"instock","10":"shipping-taxable","11":"purchasable","12":"product-type-simple"},"_links":{"self":[{"href":"https:\/\/laespanola.co\/tienda\/wp-json\/wp\/v2\/product\/1810","targetHints":{"allow":["GET"]}}],"collection":[{"href":"https:\/\/laespanola.co\/tienda\/wp-json\/wp\/v2\/product"}],"about":[{"href":"https:\/\/laespanola.co\/tienda\/wp-json\/wp\/v2\/types\/product"}],"version-history":[{"count":0,"href":"https:\/\/laespanola.co\/tienda\/wp-json\/wp\/v2\/product\/1810\/revisions"}],"wp:featuredmedia":[{"embeddable":true,"href":"https:\/\/laespanola.co\/tienda\/wp-json\/wp\/v2\/media\/1811"}],"wp:attachment":[{"href":"https:\/\/laespanola.co\/tienda\/wp-json\/wp\/v2\/media?parent=1810"}],"wp:term":[{"taxonomy":"product_brand","embeddable":true,"href":"https:\/\/laespanola.co\/tienda\/wp-json\/wp\/v2\/product_brand?post=1810"},{"taxonomy":"product_cat","embeddable":true,"href":"https:\/\/laespanola.co\/tienda\/wp-json\/wp\/v2\/product_cat?post=1810"},{"taxonomy":"product_tag","embeddable":true,"href":"https:\/\/laespanola.co\/tienda\/wp-json\/wp\/v2\/product_tag?post=1810"}],"curies":[{"name":"wp","href":"https:\/\/api.w.org\/{rel}","templated":true}]}}