{"id":1812,"date":"2020-05-12T11:46:48","date_gmt":"2020-05-12T16:46:48","guid":{"rendered":"https:\/\/laespanola.co\/tienda\/?post_type=product&#038;p=1812"},"modified":"2025-03-11T11:22:23","modified_gmt":"2025-03-11T16:22:23","slug":"sika-emulsion-asfaltica-3-5-kg-t815007","status":"publish","type":"product","link":"https:\/\/laespanola.co\/tienda\/producto\/sika-emulsion-asfaltica-3-5-kg-t815007\/","title":{"rendered":"Emulsion Asfaltica Sika 3.5Kg Galon"},"content":{"rendered":"<p>SIKA EMULSI\u00d3N ASF\u00c1LTICA 3.5kg<br \/>\nLa Emulsi\u00f3n Asf\u00e1ltica Sika\u00ae forma con el producto SikaFelt (tela de fibra de poli\u00e9ster, refuerzo) un sistema para impermeabilizar.<br \/>\nEMPAQUE: Tarro 3.5 kg<\/p>\n<p>CARACTERISTICAS<br \/>\nImpermeabilizante Asf\u00e1ltico Para Cubiertas Y Terrazas De Buena Durabilidad<\/p>\n<p>VENTAJAS<br \/>\nF\u00e1cil aplicaci\u00f3n.<br \/>\nExcelente adherencia a superficies secas o h\u00famedas.<br \/>\nListo para usar, no necesita calentarse.<br \/>\nNo es t\u00f3xica.<br \/>\nAplicable sin precauciones especiales, por ser libre de solventes.<br \/>\nDiferentes presentaciones de acuerdo con la necesidad.<br \/>\nAmplia red de distribuci\u00f3n<\/p>\n<p>USO<br \/>\nLa impermeabilizaci\u00f3n en fr\u00edo de techos, terrazas, cubiertas y viga canales o cualquier cubierta en madera, concreto o mortero. Reparaci\u00f3n de impermeabilizaciones deterioradas. Como impr\u00edmante para la colocaci\u00f3n de Sika Manto y telas asf\u00e1lticas.<\/p>\n<p>RENDIMIENTO<br \/>\nEmulsi\u00f3n Asfaltica Sika\u00ae (como imprimante) diluido en agua 1:3 aprox. 50 gr\/m2. Emulsi\u00f3n Asfaltica Sika\u00ae Aprox. 800 gr\/m2 por capa. SikaFelt Rollo de 1,20 m x 40 m, cubre 44 m2 \/\/ Emulsi\u00f3n Asfaltica Sika\u00ae Aprox. 800 gr\/m2 por capa.<br \/>\nSikaFelt Rollo de 1,20 m x 40 m, cubre 44 m2<br \/>\nEmulsi\u00f3n Asfaltica Sika\u00ae Aprox. 800 gr\/m2 por capa.<br \/>\nAlumol Aprox. 110 gr \/ m2.\u00bb<\/p>\n","protected":false},"excerpt":{"rendered":"<p>SIKA EMULSI\u00d3N ASF\u00c1LTICA 3.5kg La Emulsi\u00f3n Asf\u00e1ltica Sika\u00ae forma con el producto SikaFelt (tela de fibra de poli\u00e9ster, refuerzo) un sistema para impermeabilizar. EMPAQUE: Tarro 3.5 kg CARACTERISTICAS Impermeabilizante Asf\u00e1ltico Para Cubiertas Y Terrazas De Buena Durabilidad VENTAJAS F\u00e1cil aplicaci\u00f3n. Excelente adherencia a superficies secas o h\u00famedas. Listo para usar, no necesita calentarse. No es [&hellip;]<\/p>\n","protected":false},"featured_media":1813,"template":"","meta":[],"product_brand":[],"product_cat":[118],"product_tag":[],"class_list":{"0":"post-1812","1":"product","2":"type-product","3":"status-publish","4":"has-post-thumbnail","6":"product_cat-impermeabilizantes","8":"first","9":"instock","10":"shipping-taxable","11":"purchasable","12":"product-type-simple"},"_links":{"self":[{"href":"https:\/\/laespanola.co\/tienda\/wp-json\/wp\/v2\/product\/1812","targetHints":{"allow":["GET"]}}],"collection":[{"href":"https:\/\/laespanola.co\/tienda\/wp-json\/wp\/v2\/product"}],"about":[{"href":"https:\/\/laespanola.co\/tienda\/wp-json\/wp\/v2\/types\/product"}],"version-history":[{"count":0,"href":"https:\/\/laespanola.co\/tienda\/wp-json\/wp\/v2\/product\/1812\/revisions"}],"wp:featuredmedia":[{"embeddable":true,"href":"https:\/\/laespanola.co\/tienda\/wp-json\/wp\/v2\/media\/1813"}],"wp:attachment":[{"href":"https:\/\/laespanola.co\/tienda\/wp-json\/wp\/v2\/media?parent=1812"}],"wp:term":[{"taxonomy":"product_brand","embeddable":true,"href":"https:\/\/laespanola.co\/tienda\/wp-json\/wp\/v2\/product_brand?post=1812"},{"taxonomy":"product_cat","embeddable":true,"href":"https:\/\/laespanola.co\/tienda\/wp-json\/wp\/v2\/product_cat?post=1812"},{"taxonomy":"product_tag","embeddable":true,"href":"https:\/\/laespanola.co\/tienda\/wp-json\/wp\/v2\/product_tag?post=1812"}],"curies":[{"name":"wp","href":"https:\/\/api.w.org\/{rel}","templated":true}]}}