{"id":1961,"date":"2021-04-23T15:46:13","date_gmt":"2021-04-23T20:46:13","guid":{"rendered":"https:\/\/laespanola.co\/tienda\/?post_type=product&#038;p=1961"},"modified":"2025-03-11T11:56:12","modified_gmt":"2025-03-11T16:56:12","slug":"yeso-extra-colombia-25kg","status":"publish","type":"product","link":"https:\/\/laespanola.co\/tienda\/producto\/yeso-extra-colombia-25kg\/","title":{"rendered":"YESO EXTRA COLOMBIA 25KG"},"content":{"rendered":"","protected":false},"excerpt":{"rendered":"<p>El yeso es uno de los m\u00e1s antiguos materiales empleado en construcci\u00f3n. con la sedentarizaci\u00f3n, comenz\u00f3 a elaborarse yeso calcinando y a utilizarlo para unir las piezas de mamposter\u00eda, sellar las juntas de los muros y para revestir los paramentos de las viviendas, sustituyendo al mortero de barro.<\/p>\n","protected":false},"featured_media":2233,"template":"","meta":[],"product_brand":[],"product_cat":[109],"product_tag":[],"class_list":{"0":"post-1961","1":"product","2":"type-product","3":"status-publish","4":"has-post-thumbnail","6":"product_cat-estucos","8":"first","9":"instock","10":"shipping-taxable","11":"purchasable","12":"product-type-simple"},"_links":{"self":[{"href":"https:\/\/laespanola.co\/tienda\/wp-json\/wp\/v2\/product\/1961","targetHints":{"allow":["GET"]}}],"collection":[{"href":"https:\/\/laespanola.co\/tienda\/wp-json\/wp\/v2\/product"}],"about":[{"href":"https:\/\/laespanola.co\/tienda\/wp-json\/wp\/v2\/types\/product"}],"version-history":[{"count":0,"href":"https:\/\/laespanola.co\/tienda\/wp-json\/wp\/v2\/product\/1961\/revisions"}],"wp:featuredmedia":[{"embeddable":true,"href":"https:\/\/laespanola.co\/tienda\/wp-json\/wp\/v2\/media\/2233"}],"wp:attachment":[{"href":"https:\/\/laespanola.co\/tienda\/wp-json\/wp\/v2\/media?parent=1961"}],"wp:term":[{"taxonomy":"product_brand","embeddable":true,"href":"https:\/\/laespanola.co\/tienda\/wp-json\/wp\/v2\/product_brand?post=1961"},{"taxonomy":"product_cat","embeddable":true,"href":"https:\/\/laespanola.co\/tienda\/wp-json\/wp\/v2\/product_cat?post=1961"},{"taxonomy":"product_tag","embeddable":true,"href":"https:\/\/laespanola.co\/tienda\/wp-json\/wp\/v2\/product_tag?post=1961"}],"curies":[{"name":"wp","href":"https:\/\/api.w.org\/{rel}","templated":true}]}}