{"id":2667,"date":"2024-04-29T14:30:35","date_gmt":"2024-04-29T19:30:35","guid":{"rendered":"https:\/\/laespanola.co\/tienda\/?post_type=product&#038;p=2667"},"modified":"2026-03-19T22:57:52","modified_gmt":"2026-03-20T03:57:52","slug":"tanque-acuaviva-2000-lts-azul-negro","status":"publish","type":"product","link":"https:\/\/laespanola.co\/tienda\/producto\/tanque-acuaviva-2000-lts-azul-negro\/","title":{"rendered":"tanque acuaviva 2000 lts azul\/negro"},"content":{"rendered":"<p>El Kit Tanque Conico Acuaviva se compone de un tanque seg\u00fan su capacidad de almacenamiento, una tapa y accesorios. Este cuenta con conexiones en PVC, dos adaptadores (macho y hembra). Adicional a esto, se debe tener en cuenta que este kit no incluye v\u00e1lvula ni flotador. Fabricado con polietileno de media densidad 100% virgen que da mayor resistencia, durabilidad y conserva higi\u00e9nicamente el agua, protegi\u00e9ndola de los rayos UV, y la formaci\u00f3n de microorganismos.<\/p>\n<p>El Tanque es ideal para el manejo de agua, concentrados y otros insumos del campo. Revisar manual y ficha t\u00e9cnica de producto para condiciones \u00f3ptimas de instalaci\u00f3n y uso, para desempe\u00f1o \u00f3ptimo del sistema. Los tanques C\u00f3nicos est\u00e1n disponibles en colores\u00a0<strong>negro y azul<\/strong>\u00a0y en las siguientes\u00a0<strong>capacidades: 250, 500, 1000, 2000L.<\/strong><\/p>\n","protected":false},"excerpt":{"rendered":"<p>El Kit Tanque Conico Acuaviva se compone de un tanque seg\u00fan su capacidad de almacenamiento, una tapa y accesorios. Este cuenta con conexiones en PVC, dos adaptadores (macho y hembra). Adicional a esto, se debe tener en cuenta que este kit no incluye v\u00e1lvula ni flotador. Fabricado con polietileno de media densidad 100% virgen que [&hellip;]<\/p>\n","protected":false},"featured_media":2668,"template":"","meta":[],"product_brand":[],"product_cat":[144],"product_tag":[],"class_list":{"0":"post-2667","1":"product","2":"type-product","3":"status-publish","4":"has-post-thumbnail","6":"product_cat-tanques","8":"first","9":"instock","10":"shipping-taxable","11":"purchasable","12":"product-type-simple"},"_links":{"self":[{"href":"https:\/\/laespanola.co\/tienda\/wp-json\/wp\/v2\/product\/2667","targetHints":{"allow":["GET"]}}],"collection":[{"href":"https:\/\/laespanola.co\/tienda\/wp-json\/wp\/v2\/product"}],"about":[{"href":"https:\/\/laespanola.co\/tienda\/wp-json\/wp\/v2\/types\/product"}],"version-history":[{"count":0,"href":"https:\/\/laespanola.co\/tienda\/wp-json\/wp\/v2\/product\/2667\/revisions"}],"wp:featuredmedia":[{"embeddable":true,"href":"https:\/\/laespanola.co\/tienda\/wp-json\/wp\/v2\/media\/2668"}],"wp:attachment":[{"href":"https:\/\/laespanola.co\/tienda\/wp-json\/wp\/v2\/media?parent=2667"}],"wp:term":[{"taxonomy":"product_brand","embeddable":true,"href":"https:\/\/laespanola.co\/tienda\/wp-json\/wp\/v2\/product_brand?post=2667"},{"taxonomy":"product_cat","embeddable":true,"href":"https:\/\/laespanola.co\/tienda\/wp-json\/wp\/v2\/product_cat?post=2667"},{"taxonomy":"product_tag","embeddable":true,"href":"https:\/\/laespanola.co\/tienda\/wp-json\/wp\/v2\/product_tag?post=2667"}],"curies":[{"name":"wp","href":"https:\/\/api.w.org\/{rel}","templated":true}]}}