{"id":435,"date":"2019-07-30T08:48:55","date_gmt":"2019-07-30T13:48:55","guid":{"rendered":"https:\/\/creasotoldns.com\/la-espanola\/tienda\/?post_type=product&#038;p=435"},"modified":"2025-03-11T11:53:32","modified_gmt":"2025-03-11T16:53:32","slug":"sika-multiseal-10-x-mt","status":"publish","type":"product","link":"https:\/\/laespanola.co\/tienda\/producto\/sika-multiseal-10-x-mt\/","title":{"rendered":"Sika Multiseal Aluminio 10cm rollo 10mts"},"content":{"rendered":"<p>Referencia SK840193<\/p>\n<p>Condici\u00f3n: Nuevo<\/p>\n<p>Cinta autoadhesiva impermeable. constituida por una l\u00e1mina protectora de aluminio provista de un recubrimiento bituminoso auto adherible en fr\u00edo.<\/p>\n","protected":false},"excerpt":{"rendered":"<p>Referencia SK840193 Condici\u00f3n: Nuevo Cinta autoadhesiva impermeable. constituida por una l\u00e1mina protectora de aluminio provista de un recubrimiento bituminoso auto adherible en fr\u00edo.<\/p>\n","protected":false},"featured_media":440,"template":"","meta":[],"product_brand":[],"product_cat":[118],"product_tag":[],"class_list":{"0":"post-435","1":"product","2":"type-product","3":"status-publish","4":"has-post-thumbnail","6":"product_cat-impermeabilizantes","8":"first","9":"instock","10":"shipping-taxable","11":"purchasable","12":"product-type-simple"},"_links":{"self":[{"href":"https:\/\/laespanola.co\/tienda\/wp-json\/wp\/v2\/product\/435","targetHints":{"allow":["GET"]}}],"collection":[{"href":"https:\/\/laespanola.co\/tienda\/wp-json\/wp\/v2\/product"}],"about":[{"href":"https:\/\/laespanola.co\/tienda\/wp-json\/wp\/v2\/types\/product"}],"version-history":[{"count":0,"href":"https:\/\/laespanola.co\/tienda\/wp-json\/wp\/v2\/product\/435\/revisions"}],"wp:featuredmedia":[{"embeddable":true,"href":"https:\/\/laespanola.co\/tienda\/wp-json\/wp\/v2\/media\/440"}],"wp:attachment":[{"href":"https:\/\/laespanola.co\/tienda\/wp-json\/wp\/v2\/media?parent=435"}],"wp:term":[{"taxonomy":"product_brand","embeddable":true,"href":"https:\/\/laespanola.co\/tienda\/wp-json\/wp\/v2\/product_brand?post=435"},{"taxonomy":"product_cat","embeddable":true,"href":"https:\/\/laespanola.co\/tienda\/wp-json\/wp\/v2\/product_cat?post=435"},{"taxonomy":"product_tag","embeddable":true,"href":"https:\/\/laespanola.co\/tienda\/wp-json\/wp\/v2\/product_tag?post=435"}],"curies":[{"name":"wp","href":"https:\/\/api.w.org\/{rel}","templated":true}]}}