{"id":477,"date":"2019-07-30T09:31:52","date_gmt":"2019-07-30T14:31:52","guid":{"rendered":"https:\/\/creasotoldns.com\/la-espanola\/tienda\/?post_type=product&#038;p=477"},"modified":"2025-03-07T14:53:24","modified_gmt":"2025-03-07T19:53:24","slug":"mezclador-balta-palanca-lavaplatos","status":"publish","type":"product","link":"https:\/\/laespanola.co\/tienda\/producto\/mezclador-balta-palanca-lavaplatos\/","title":{"rendered":"Mezclador lavaplatos Balta Palanca"},"content":{"rendered":"<p>Referencia 41506<br \/>\nMarca GRIVAL<\/p>\n<p>Condici\u00f3n: Nuevo<\/p>\n<p>Lavaplatos mezclador, cierre r\u00e1pido de 90 grados, pico oscilante y chas\u00eds en pl\u00e1stico<\/p>\n","protected":false},"excerpt":{"rendered":"<p>Referencia 41506 Marca GRIVAL Condici\u00f3n: Nuevo Lavaplatos mezclador, cierre r\u00e1pido de 90 grados, pico oscilante y chas\u00eds en pl\u00e1stico<\/p>\n","protected":false},"featured_media":482,"template":"","meta":[],"product_brand":[],"product_cat":[103],"product_tag":[],"class_list":{"0":"post-477","1":"product","2":"type-product","3":"status-publish","4":"has-post-thumbnail","6":"product_cat-cocina","8":"first","9":"instock","10":"shipping-taxable","11":"purchasable","12":"product-type-simple"},"_links":{"self":[{"href":"https:\/\/laespanola.co\/tienda\/wp-json\/wp\/v2\/product\/477","targetHints":{"allow":["GET"]}}],"collection":[{"href":"https:\/\/laespanola.co\/tienda\/wp-json\/wp\/v2\/product"}],"about":[{"href":"https:\/\/laespanola.co\/tienda\/wp-json\/wp\/v2\/types\/product"}],"version-history":[{"count":0,"href":"https:\/\/laespanola.co\/tienda\/wp-json\/wp\/v2\/product\/477\/revisions"}],"wp:featuredmedia":[{"embeddable":true,"href":"https:\/\/laespanola.co\/tienda\/wp-json\/wp\/v2\/media\/482"}],"wp:attachment":[{"href":"https:\/\/laespanola.co\/tienda\/wp-json\/wp\/v2\/media?parent=477"}],"wp:term":[{"taxonomy":"product_brand","embeddable":true,"href":"https:\/\/laespanola.co\/tienda\/wp-json\/wp\/v2\/product_brand?post=477"},{"taxonomy":"product_cat","embeddable":true,"href":"https:\/\/laespanola.co\/tienda\/wp-json\/wp\/v2\/product_cat?post=477"},{"taxonomy":"product_tag","embeddable":true,"href":"https:\/\/laespanola.co\/tienda\/wp-json\/wp\/v2\/product_tag?post=477"}],"curies":[{"name":"wp","href":"https:\/\/api.w.org\/{rel}","templated":true}]}}