{"id":525,"date":"2019-08-26T11:25:19","date_gmt":"2019-08-26T16:25:19","guid":{"rendered":"https:\/\/creasotoldns.com\/la-espanola\/tienda\/?post_type=product&#038;p=525"},"modified":"2025-03-07T14:47:21","modified_gmt":"2025-03-07T19:47:21","slug":"lavaplatos-radiante-empotrar-62-x-48cm","status":"publish","type":"product","link":"https:\/\/laespanola.co\/tienda\/producto\/lavaplatos-radiante-empotrar-62-x-48cm\/","title":{"rendered":"Lavaplatos Empotrar 62 x 48cm Socoda"},"content":{"rendered":"<p>Referencia 253341<br \/>\nMarca SOCODA<br \/>\nTipo de instalaci\u00f3n Empotrar<br \/>\nTipo de lavaplatos Sencillo<br \/>\nAcabado Satinado<br \/>\nMedidas 62x48x14.5cm<br \/>\nMedidas Pozuelo 54cm x 34 cm x 14.2cm<br \/>\nGarantia 3 A\u00f1os<\/p>\n<p>Lavaplatos de empotrar en material acero inoxidable de alta resistencia con capacidad de 24 litros, dise\u00f1o que permite ajustar mejor a la mesa sin necesidad de rieles y perforaci\u00f3n lista para la instalaci\u00f3n de la grifer\u00eda tipo mezclador.<\/p>\n","protected":false},"excerpt":{"rendered":"<p>Lavaplatos de empotrar en material acero inoxidable de alta resistencia con capacidad de 24 litros, dise\u00f1o que permite ajustar mejor a la mesa sin necesidad de rieles y perforaci\u00f3n lista para la instalaci\u00f3n de la grifer\u00eda tipo mezclador.<\/p>\n","protected":false},"featured_media":526,"template":"","meta":[],"product_brand":[],"product_cat":[103],"product_tag":[],"class_list":{"0":"post-525","1":"product","2":"type-product","3":"status-publish","4":"has-post-thumbnail","6":"product_cat-cocina","8":"first","9":"instock","10":"shipping-taxable","11":"purchasable","12":"product-type-simple"},"_links":{"self":[{"href":"https:\/\/laespanola.co\/tienda\/wp-json\/wp\/v2\/product\/525","targetHints":{"allow":["GET"]}}],"collection":[{"href":"https:\/\/laespanola.co\/tienda\/wp-json\/wp\/v2\/product"}],"about":[{"href":"https:\/\/laespanola.co\/tienda\/wp-json\/wp\/v2\/types\/product"}],"version-history":[{"count":0,"href":"https:\/\/laespanola.co\/tienda\/wp-json\/wp\/v2\/product\/525\/revisions"}],"wp:featuredmedia":[{"embeddable":true,"href":"https:\/\/laespanola.co\/tienda\/wp-json\/wp\/v2\/media\/526"}],"wp:attachment":[{"href":"https:\/\/laespanola.co\/tienda\/wp-json\/wp\/v2\/media?parent=525"}],"wp:term":[{"taxonomy":"product_brand","embeddable":true,"href":"https:\/\/laespanola.co\/tienda\/wp-json\/wp\/v2\/product_brand?post=525"},{"taxonomy":"product_cat","embeddable":true,"href":"https:\/\/laespanola.co\/tienda\/wp-json\/wp\/v2\/product_cat?post=525"},{"taxonomy":"product_tag","embeddable":true,"href":"https:\/\/laespanola.co\/tienda\/wp-json\/wp\/v2\/product_tag?post=525"}],"curies":[{"name":"wp","href":"https:\/\/api.w.org\/{rel}","templated":true}]}}