{"id":614,"date":"2019-08-26T14:39:23","date_gmt":"2019-08-26T19:39:23","guid":{"rendered":"https:\/\/creasotoldns.com\/la-espanola\/tienda\/?post_type=product&#038;p=614"},"modified":"2025-03-11T11:39:31","modified_gmt":"2025-03-11T16:39:31","slug":"pego-constructor-ceramico-40-kg","status":"publish","type":"product","link":"https:\/\/laespanola.co\/tienda\/producto\/pego-constructor-ceramico-40-kg\/","title":{"rendered":"pegante constructor gris ceramico 40kg"},"content":{"rendered":"<p>Descripci\u00f3n del producto<br \/>\nPRESENTACI\u00d3N:<br \/>\n40 Kg<br \/>\nCOLOR:<br \/>\nBlanco y Gris<br \/>\nVIDA \u00daTIL DEL PRODUCTO:<br \/>\nProducto Empacado de 6 Meses<br \/>\nTABLA DE RENDIMIENTOS:<br \/>\nEstos valores son aproximados, depende de la superficie y la habilidad del instalador. Formato: 60 x 60 cm | Llana: 10 x 10 mm | Rendimiento por 40 kg: 5.8 m\u00b2<br \/>\nFormato: 45 x 45 cm | Llana: 10 x 10 mm | Rendimiento por 40 kg: 6.7 m\u00b2<br \/>\nFormato: 30 x 30 cm | Llana: 5 x 5 mm | Rendimiento por 40 kg: 8.0 m\u00b2<br \/>\nFormato: 28 x 45 cm | Llana: 6 x 6 mm | Rendimiento por 40 kg: 5.8 m\u00b2<br \/>\nFormato: 25 x 35 cm | Llana: 6 x 6 mm | Rendimiento por 40 kg: 8.0 m\u00b2<br \/>\nFormato: 20 x 30 cm | Llana: 5 x 5 mm | Rendimiento por 40 kg: 10.0 m\u00b2<br \/>\nFormato: 20 x 20 cm | Llana: 4 x 4 mm | Rendimiento por 40 kg: 11.2 m\u00b2<\/p>\n","protected":false},"excerpt":{"rendered":"<p>Es una mezcla adhesiva ideal para la instalaci\u00f3n en interiores de cer\u00e1micas de media y alta absorci\u00f3n, tanto en \u00e1reas de pisos y paredes. Pego Perfecto Construcci\u00f3n se comercializa en presentaci\u00f3n de 40 kilos, en colores Blanco y Gris.<\/p>\n","protected":false},"featured_media":615,"template":"","meta":[],"product_brand":[],"product_cat":[120],"product_tag":[],"class_list":{"0":"post-614","1":"product","2":"type-product","3":"status-publish","4":"has-post-thumbnail","6":"product_cat-pegantes","8":"first","9":"instock","10":"shipping-taxable","11":"purchasable","12":"product-type-simple"},"_links":{"self":[{"href":"https:\/\/laespanola.co\/tienda\/wp-json\/wp\/v2\/product\/614","targetHints":{"allow":["GET"]}}],"collection":[{"href":"https:\/\/laespanola.co\/tienda\/wp-json\/wp\/v2\/product"}],"about":[{"href":"https:\/\/laespanola.co\/tienda\/wp-json\/wp\/v2\/types\/product"}],"version-history":[{"count":0,"href":"https:\/\/laespanola.co\/tienda\/wp-json\/wp\/v2\/product\/614\/revisions"}],"wp:featuredmedia":[{"embeddable":true,"href":"https:\/\/laespanola.co\/tienda\/wp-json\/wp\/v2\/media\/615"}],"wp:attachment":[{"href":"https:\/\/laespanola.co\/tienda\/wp-json\/wp\/v2\/media?parent=614"}],"wp:term":[{"taxonomy":"product_brand","embeddable":true,"href":"https:\/\/laespanola.co\/tienda\/wp-json\/wp\/v2\/product_brand?post=614"},{"taxonomy":"product_cat","embeddable":true,"href":"https:\/\/laespanola.co\/tienda\/wp-json\/wp\/v2\/product_cat?post=614"},{"taxonomy":"product_tag","embeddable":true,"href":"https:\/\/laespanola.co\/tienda\/wp-json\/wp\/v2\/product_tag?post=614"}],"curies":[{"name":"wp","href":"https:\/\/api.w.org\/{rel}","templated":true}]}}