{"id":725,"date":"2019-09-15T21:09:15","date_gmt":"2019-09-16T02:09:15","guid":{"rendered":"https:\/\/laespanola.co\/tienda\/?post_type=product&#038;p=725"},"modified":"2024-04-29T14:15:33","modified_gmt":"2024-04-29T19:15:33","slug":"organizador-de-ganchos-de-pared-y-piso","status":"publish","type":"product","link":"https:\/\/laespanola.co\/tienda\/producto\/organizador-de-ganchos-de-pared-y-piso\/","title":{"rendered":"Organizador de ganchos pared y piso 56500"},"content":{"rendered":"<p>Color Blanco 00 o Metalizado 01<br \/>\nMaterial \/ Acabado Acero plastificado<br \/>\nTama\u00f1o Frente: 20 cm | Profundidad: 13.5 cm | Altura: 25.5 cm<br \/>\nObservaciones Observaciones: Los elementos decorativos no se incluyen.<\/p>\n<p>REF. 56500<\/p>\n","protected":false},"excerpt":{"rendered":"<p>El Organizador para ganchos de ropa es pr\u00e1ctico y funcional, se adapta a tu espacio brind\u00e1ndote la posibilidad de instalarlo en la pared o simplemente ponerlo sobre una superficie horizontal. Su dise\u00f1o mantiene tu zona de ropas ordenada y optimiza tus espacios.<\/p>\n","protected":false},"featured_media":726,"template":"","meta":[],"product_brand":[],"product_cat":[138],"product_tag":[],"class_list":{"0":"post-725","1":"product","2":"type-product","3":"status-publish","4":"has-post-thumbnail","6":"product_cat-rejillas","8":"first","9":"instock","10":"shipping-taxable","11":"purchasable","12":"product-type-simple"},"_links":{"self":[{"href":"https:\/\/laespanola.co\/tienda\/wp-json\/wp\/v2\/product\/725","targetHints":{"allow":["GET"]}}],"collection":[{"href":"https:\/\/laespanola.co\/tienda\/wp-json\/wp\/v2\/product"}],"about":[{"href":"https:\/\/laespanola.co\/tienda\/wp-json\/wp\/v2\/types\/product"}],"version-history":[{"count":0,"href":"https:\/\/laespanola.co\/tienda\/wp-json\/wp\/v2\/product\/725\/revisions"}],"wp:featuredmedia":[{"embeddable":true,"href":"https:\/\/laespanola.co\/tienda\/wp-json\/wp\/v2\/media\/726"}],"wp:attachment":[{"href":"https:\/\/laespanola.co\/tienda\/wp-json\/wp\/v2\/media?parent=725"}],"wp:term":[{"taxonomy":"product_brand","embeddable":true,"href":"https:\/\/laespanola.co\/tienda\/wp-json\/wp\/v2\/product_brand?post=725"},{"taxonomy":"product_cat","embeddable":true,"href":"https:\/\/laespanola.co\/tienda\/wp-json\/wp\/v2\/product_cat?post=725"},{"taxonomy":"product_tag","embeddable":true,"href":"https:\/\/laespanola.co\/tienda\/wp-json\/wp\/v2\/product_tag?post=725"}],"curies":[{"name":"wp","href":"https:\/\/api.w.org\/{rel}","templated":true}]}}