{"id":727,"date":"2019-09-15T21:10:17","date_gmt":"2019-09-16T02:10:17","guid":{"rendered":"https:\/\/laespanola.co\/tienda\/?post_type=product&#038;p=727"},"modified":"2024-04-29T14:14:43","modified_gmt":"2024-04-29T19:14:43","slug":"champucera-pequena","status":"publish","type":"product","link":"https:\/\/laespanola.co\/tienda\/producto\/champucera-pequena\/","title":{"rendered":"Champucera peque\u00f1a 60100"},"content":{"rendered":"<p>Descripci\u00f3n t\u00e9cnica Compartimientos: 2 niveles Jabonera 5 ganchos colgaderos<br \/>\nColor Blanco 00 Metalizado 01 Fucsia 04 Turquesa 05 Azul 07 Verde 08<br \/>\nMaterial \/ Acabado Acero plastificado<br \/>\nTama\u00f1o Frente: 18 cm Profundidad: 11 cm Altura: 44 cm<br \/>\nObservaciones Los elementos decorativos no se incluyen.<\/p>\n","protected":false},"excerpt":{"rendered":"<p>Champucera Peque\u00f1a Rejiplas, resistente a la humedad con un acabado en acero plastificado resistente a la humedad que te ayudar\u00e1 a mantenerla en buen estado, cuidando tus productos de aseo.<\/p>\n","protected":false},"featured_media":728,"template":"","meta":[],"product_brand":[],"product_cat":[138],"product_tag":[],"class_list":{"0":"post-727","1":"product","2":"type-product","3":"status-publish","4":"has-post-thumbnail","6":"product_cat-rejillas","8":"first","9":"instock","10":"shipping-taxable","11":"purchasable","12":"product-type-simple"},"_links":{"self":[{"href":"https:\/\/laespanola.co\/tienda\/wp-json\/wp\/v2\/product\/727","targetHints":{"allow":["GET"]}}],"collection":[{"href":"https:\/\/laespanola.co\/tienda\/wp-json\/wp\/v2\/product"}],"about":[{"href":"https:\/\/laespanola.co\/tienda\/wp-json\/wp\/v2\/types\/product"}],"version-history":[{"count":0,"href":"https:\/\/laespanola.co\/tienda\/wp-json\/wp\/v2\/product\/727\/revisions"}],"wp:featuredmedia":[{"embeddable":true,"href":"https:\/\/laespanola.co\/tienda\/wp-json\/wp\/v2\/media\/728"}],"wp:attachment":[{"href":"https:\/\/laespanola.co\/tienda\/wp-json\/wp\/v2\/media?parent=727"}],"wp:term":[{"taxonomy":"product_brand","embeddable":true,"href":"https:\/\/laespanola.co\/tienda\/wp-json\/wp\/v2\/product_brand?post=727"},{"taxonomy":"product_cat","embeddable":true,"href":"https:\/\/laespanola.co\/tienda\/wp-json\/wp\/v2\/product_cat?post=727"},{"taxonomy":"product_tag","embeddable":true,"href":"https:\/\/laespanola.co\/tienda\/wp-json\/wp\/v2\/product_tag?post=727"}],"curies":[{"name":"wp","href":"https:\/\/api.w.org\/{rel}","templated":true}]}}