{"id":825,"date":"2019-09-15T21:43:50","date_gmt":"2019-09-16T02:43:50","guid":{"rendered":"https:\/\/laespanola.co\/tienda\/?post_type=product&#038;p=825"},"modified":"2025-03-07T13:47:18","modified_gmt":"2025-03-07T18:47:18","slug":"gabinete-superior-armario-multipla-triple-en-acero-bertolini-blanco","status":"publish","type":"product","link":"https:\/\/laespanola.co\/tienda\/producto\/gabinete-superior-armario-multipla-triple-en-acero-bertolini-blanco\/","title":{"rendered":"Armario Triple 105cm c\/Vidrio Multipla Blanco (6010590) Bertolini"},"content":{"rendered":"<p>Ref: 6010590<br \/>\nLa Cocina es uno de los lugares preferidos, tanto para los que adoran cocinar como para sus espectadores, es por esto que, Bertolini, l\u00edder de mercando en Cocinas de Acero en Brasil les trae esta linda Alacena Bertolini de Acero Modelo Multipla. Tiene un dise\u00f1o ultra moderno y sofisticado, muy resistente y duradero, seguro relucir\u00e1 espectacularmente en su casa.<br \/>\n\u00a1Beneficios que una Cocina de acero ofrece a usted!<\/p>\n<p>&#8211; Mayor durabilidad: Gracias a su pintura electrost\u00e1tica que le permite una vida \u00fatil m\u00e1s larga.<br \/>\n&#8211; Una casa m\u00e1s saludable con muebles inmunes a insectos: Los insectos no encuentran alimento en ella y las bacterias no logran fijarse en la superficie lisa.<br \/>\n&#8211; Resistente a la humedad: Su superficie no porosa dificulta la absorci\u00f3n del agua, evitando deformaciones en el material.<br \/>\n&#8211; Muebles libres de olores: El proceso de pintura electrost\u00e1tica no permite que los olores se impregnen en los muebles durante su vida \u00fatil, adem\u00e1s de eso posee superficie lisa lo que permite f\u00e1cil limpieza.<br \/>\n&#8211; Producto no inflamable: Una opci\u00f3n m\u00e1s segura para las residencias y empresas.<\/p>\n","protected":false},"excerpt":{"rendered":"<p>Producto Armable.<br \/>\nMueble en acero carbono (mismo material que las estufas, microondas y los autos).<br \/>\nPintura electrost\u00e1tica, para mayor protecci\u00f3n.<br \/>\nMuy resistente a la humedad.<br \/>\nF\u00e1cil instalaci\u00f3n. (Trae toda la torniller\u00eda necesaria).<br \/>\nSe adapta perfectamente al clima tropical.<br \/>\nNo cr\u00eda moho.<\/p>\n","protected":false},"featured_media":828,"template":"","meta":[],"product_brand":[],"product_cat":[103],"product_tag":[],"class_list":{"0":"post-825","1":"product","2":"type-product","3":"status-publish","4":"has-post-thumbnail","6":"product_cat-cocina","8":"first","9":"instock","10":"shipping-taxable","11":"purchasable","12":"product-type-simple"},"_links":{"self":[{"href":"https:\/\/laespanola.co\/tienda\/wp-json\/wp\/v2\/product\/825","targetHints":{"allow":["GET"]}}],"collection":[{"href":"https:\/\/laespanola.co\/tienda\/wp-json\/wp\/v2\/product"}],"about":[{"href":"https:\/\/laespanola.co\/tienda\/wp-json\/wp\/v2\/types\/product"}],"version-history":[{"count":0,"href":"https:\/\/laespanola.co\/tienda\/wp-json\/wp\/v2\/product\/825\/revisions"}],"wp:featuredmedia":[{"embeddable":true,"href":"https:\/\/laespanola.co\/tienda\/wp-json\/wp\/v2\/media\/828"}],"wp:attachment":[{"href":"https:\/\/laespanola.co\/tienda\/wp-json\/wp\/v2\/media?parent=825"}],"wp:term":[{"taxonomy":"product_brand","embeddable":true,"href":"https:\/\/laespanola.co\/tienda\/wp-json\/wp\/v2\/product_brand?post=825"},{"taxonomy":"product_cat","embeddable":true,"href":"https:\/\/laespanola.co\/tienda\/wp-json\/wp\/v2\/product_cat?post=825"},{"taxonomy":"product_tag","embeddable":true,"href":"https:\/\/laespanola.co\/tienda\/wp-json\/wp\/v2\/product_tag?post=825"}],"curies":[{"name":"wp","href":"https:\/\/api.w.org\/{rel}","templated":true}]}}