{"id":894,"date":"2019-09-15T22:04:11","date_gmt":"2019-09-16T03:04:11","guid":{"rendered":"https:\/\/laespanola.co\/tienda\/?post_type=product&#038;p=894"},"modified":"2024-04-30T12:42:03","modified_gmt":"2024-04-30T17:42:03","slug":"viniltex-banos-y-cocinas-galon-ref-2001-blanco","status":"publish","type":"product","link":"https:\/\/laespanola.co\/tienda\/producto\/viniltex-banos-y-cocinas-galon-ref-2001-blanco\/","title":{"rendered":"VINILTEX BA\u00d1OS Y COCINAS  GALON 2001 BLANCO"},"content":{"rendered":"<p>Informaci\u00f3n General<\/p>\n<p>Recomendada para proteger y decorar las paredes y techos de cocinas y ba\u00f1os incluyendo el \u00e1rea de la ducha.<\/p>\n<p>Acabado<\/p>\n<p>Satinado \/ brillante.<\/p>\n<p>Beneficios<\/p>\n<p>Estos son algunos de los beneficios que te ofrece Viniltex Ba\u00f1os y Cocinas:<\/p>\n<p>Pintura antibacterial 100% acr\u00edlica.<\/p>\n<p>M\u00e1xima lavabilidad.<\/p>\n<p>Alta resistencia a la humedad, vapor, grasa, manchas y a la formaci\u00f3n de hongos.<\/p>\n<p>Excelente adherencia.<\/p>\n<p>F\u00e1cil de limpiar.<\/p>\n<p>Disponible en m\u00e1s de 1.200 colores.<\/p>\n","protected":false},"excerpt":{"rendered":"<p>Viniltex Ba\u00f1os y Cocinas es una pintura 100% acr\u00edlica diluible con agua, con antibacterial activo que elimina el 99.9% de las bacterias, con m\u00e1xima lavabilidad y alta resistencia a la humedad, vapor, grasa, manchas y a la formaci\u00f3n de hongos. No contiene plomo ni cromo.<\/p>\n","protected":false},"featured_media":895,"template":"","meta":[],"product_brand":[],"product_cat":[135],"product_tag":[],"class_list":{"0":"post-894","1":"product","2":"type-product","3":"status-publish","4":"has-post-thumbnail","6":"product_cat-pintuco-pinturas","8":"first","9":"instock","10":"shipping-taxable","11":"purchasable","12":"product-type-simple"},"_links":{"self":[{"href":"https:\/\/laespanola.co\/tienda\/wp-json\/wp\/v2\/product\/894","targetHints":{"allow":["GET"]}}],"collection":[{"href":"https:\/\/laespanola.co\/tienda\/wp-json\/wp\/v2\/product"}],"about":[{"href":"https:\/\/laespanola.co\/tienda\/wp-json\/wp\/v2\/types\/product"}],"version-history":[{"count":0,"href":"https:\/\/laespanola.co\/tienda\/wp-json\/wp\/v2\/product\/894\/revisions"}],"wp:featuredmedia":[{"embeddable":true,"href":"https:\/\/laespanola.co\/tienda\/wp-json\/wp\/v2\/media\/895"}],"wp:attachment":[{"href":"https:\/\/laespanola.co\/tienda\/wp-json\/wp\/v2\/media?parent=894"}],"wp:term":[{"taxonomy":"product_brand","embeddable":true,"href":"https:\/\/laespanola.co\/tienda\/wp-json\/wp\/v2\/product_brand?post=894"},{"taxonomy":"product_cat","embeddable":true,"href":"https:\/\/laespanola.co\/tienda\/wp-json\/wp\/v2\/product_cat?post=894"},{"taxonomy":"product_tag","embeddable":true,"href":"https:\/\/laespanola.co\/tienda\/wp-json\/wp\/v2\/product_tag?post=894"}],"curies":[{"name":"wp","href":"https:\/\/api.w.org\/{rel}","templated":true}]}}