{"id":905,"date":"2019-09-15T22:09:21","date_gmt":"2019-09-16T03:09:21","guid":{"rendered":"https:\/\/laespanola.co\/tienda\/?post_type=product&#038;p=905"},"modified":"2024-04-30T12:21:20","modified_gmt":"2024-04-30T17:21:20","slug":"viniltex-antihumedad-cunete-blanco","status":"publish","type":"product","link":"https:\/\/laespanola.co\/tienda\/producto\/viniltex-antihumedad-cunete-blanco\/","title":{"rendered":"AQUABLOCK BLANCO CU\u00d1ETE 1401 ANTIHUMEDAD"},"content":{"rendered":"<p>Acabado<\/p>\n<p>Semi mate.<\/p>\n<p>Beneficios<\/p>\n<p>Estos son algunos de los beneficios que te ofrece Viniltex Antihumedad:<\/p>\n<p>Penetra los poros peque\u00f1os sellando la superficie para actuar como una barrera que evita el paso del agua.<\/p>\n<p>Impermeabiliza la superficie deteniendo filtraciones y aislando la humedad del medio.<\/p>\n<p>Pinta la superficie logrando un acabado que protege y decora.<\/p>\n<p>Resiste una presi\u00f3n hasta de 3 mt de altura.<\/p>\n<p>Contiene anti hongos y anti moho.<\/p>\n<p>M\u00e1xima lavabilidad.<\/p>\n<p>Disponible en m\u00e1s de 1.800 colores.<\/p>\n<p>No contiene plomo ni cromo.<\/p>\n","protected":false},"excerpt":{"rendered":"<p>Viniltex Anti Humedad es una pintura 100% acr\u00edlica de alta tecnolog\u00eda recomendada para proteger, decorar paredes y muros interiores haci\u00e9ndolos resistentes a la humedad, eliminando en un 100% el paso del agua.<\/p>\n","protected":false},"featured_media":2267,"template":"","meta":[],"product_brand":[],"product_cat":[135],"product_tag":[],"class_list":{"0":"post-905","1":"product","2":"type-product","3":"status-publish","4":"has-post-thumbnail","6":"product_cat-pintuco-pinturas","8":"first","9":"instock","10":"shipping-taxable","11":"purchasable","12":"product-type-simple"},"_links":{"self":[{"href":"https:\/\/laespanola.co\/tienda\/wp-json\/wp\/v2\/product\/905","targetHints":{"allow":["GET"]}}],"collection":[{"href":"https:\/\/laespanola.co\/tienda\/wp-json\/wp\/v2\/product"}],"about":[{"href":"https:\/\/laespanola.co\/tienda\/wp-json\/wp\/v2\/types\/product"}],"version-history":[{"count":0,"href":"https:\/\/laespanola.co\/tienda\/wp-json\/wp\/v2\/product\/905\/revisions"}],"wp:featuredmedia":[{"embeddable":true,"href":"https:\/\/laespanola.co\/tienda\/wp-json\/wp\/v2\/media\/2267"}],"wp:attachment":[{"href":"https:\/\/laespanola.co\/tienda\/wp-json\/wp\/v2\/media?parent=905"}],"wp:term":[{"taxonomy":"product_brand","embeddable":true,"href":"https:\/\/laespanola.co\/tienda\/wp-json\/wp\/v2\/product_brand?post=905"},{"taxonomy":"product_cat","embeddable":true,"href":"https:\/\/laespanola.co\/tienda\/wp-json\/wp\/v2\/product_cat?post=905"},{"taxonomy":"product_tag","embeddable":true,"href":"https:\/\/laespanola.co\/tienda\/wp-json\/wp\/v2\/product_tag?post=905"}],"curies":[{"name":"wp","href":"https:\/\/api.w.org\/{rel}","templated":true}]}}