{"id":906,"date":"2019-09-15T22:10:11","date_gmt":"2019-09-16T03:10:11","guid":{"rendered":"https:\/\/laespanola.co\/tienda\/?post_type=product&#038;p=906"},"modified":"2024-04-30T12:29:22","modified_gmt":"2024-04-30T17:29:22","slug":"koraza-galon-blanco-ref-2650","status":"publish","type":"product","link":"https:\/\/laespanola.co\/tienda\/producto\/koraza-galon-blanco-ref-2650\/","title":{"rendered":"KORAZA GALON 2650 BLANCO"},"content":{"rendered":"<p>Informaci\u00f3n General<\/p>\n<p>Recomendada para proteger y decorar fachadas, patios y terrazas, revocados, estucados, ladrillo sin esmaltar, tejas y l\u00e1minas de fibrocemento, en ambientes exteriores.<\/p>\n<p>Acabado<\/p>\n<p>Mate<\/p>\n<p>Beneficios<\/p>\n<p>Estos son algunos de los beneficios que te ofrece Koraza 5:<\/p>\n<p>Barrera pl\u00e1stica con protector solar<\/p>\n<p>Excelente repelencia al agua<\/p>\n<p>Resistente a la humedad, rayos UV y ataque de hongos y bacterias<\/p>\n<p>Alta retenci\u00f3n y estabilidad de color en exterior<\/p>\n<p>Acabado mate, de alto cubrimiento y adherencia.<\/p>\n<p>Evita la aparici\u00f3n de eflorescencias y manchas blancas, resistente a sustratos alcalinos<\/p>\n<p>Resistente a ensuciamiento<\/p>\n<p>Excelente adherencia a diferentes sustratos<\/p>\n<p>No contiene plomo ni cromo<\/p>\n<p>F\u00e1cil aplicaci\u00f3n con brocha, rodillo, pistola convencional o equipos airless<\/p>\n<p>Amplia gama de colores que permite decorar y proteger todos los espacios exteriores<\/p>\n","protected":false},"excerpt":{"rendered":"<p>Koraza 5 es una pintura para fachadas 100% acr\u00edlica diluible con agua, de acabado mate, m\u00e1xima protecci\u00f3n contra el ataque de hongos y alta resistencia a la suciedad. Forma una barrera pl\u00e1stica que la hace impermeable a la lluvia y tiene bloqueador solar que la protege de los rayos del sol. Ofrece una duraci\u00f3n de hasta 5 a\u00f1os. No contiene plomo ni cromo.<\/p>\n","protected":false},"featured_media":907,"template":"","meta":[],"product_brand":[],"product_cat":[135],"product_tag":[],"class_list":{"0":"post-906","1":"product","2":"type-product","3":"status-publish","4":"has-post-thumbnail","6":"product_cat-pintuco-pinturas","8":"first","9":"instock","10":"shipping-taxable","11":"purchasable","12":"product-type-simple"},"_links":{"self":[{"href":"https:\/\/laespanola.co\/tienda\/wp-json\/wp\/v2\/product\/906","targetHints":{"allow":["GET"]}}],"collection":[{"href":"https:\/\/laespanola.co\/tienda\/wp-json\/wp\/v2\/product"}],"about":[{"href":"https:\/\/laespanola.co\/tienda\/wp-json\/wp\/v2\/types\/product"}],"version-history":[{"count":0,"href":"https:\/\/laespanola.co\/tienda\/wp-json\/wp\/v2\/product\/906\/revisions"}],"wp:featuredmedia":[{"embeddable":true,"href":"https:\/\/laespanola.co\/tienda\/wp-json\/wp\/v2\/media\/907"}],"wp:attachment":[{"href":"https:\/\/laespanola.co\/tienda\/wp-json\/wp\/v2\/media?parent=906"}],"wp:term":[{"taxonomy":"product_brand","embeddable":true,"href":"https:\/\/laespanola.co\/tienda\/wp-json\/wp\/v2\/product_brand?post=906"},{"taxonomy":"product_cat","embeddable":true,"href":"https:\/\/laespanola.co\/tienda\/wp-json\/wp\/v2\/product_cat?post=906"},{"taxonomy":"product_tag","embeddable":true,"href":"https:\/\/laespanola.co\/tienda\/wp-json\/wp\/v2\/product_tag?post=906"}],"curies":[{"name":"wp","href":"https:\/\/api.w.org\/{rel}","templated":true}]}}