{"id":926,"date":"2019-09-15T22:23:08","date_gmt":"2019-09-16T03:23:08","guid":{"rendered":"https:\/\/laespanola.co\/tienda\/?post_type=product&#038;p=926"},"modified":"2025-01-27T03:49:28","modified_gmt":"2025-01-27T08:49:28","slug":"domestico-galon-blanco-p11","status":"publish","type":"product","link":"https:\/\/laespanola.co\/tienda\/producto\/domestico-galon-blanco-p11\/","title":{"rendered":"DOMESTICO GALON BLANCO P11"},"content":{"rendered":"<p>Informaci\u00f3n General<\/p>\n<p>Si quieres devolverles el brillo y el color a tus art\u00edculos de metal y\/o madera, en interiores, Dom\u00e9stico es el producto que debes usar.<\/p>\n<p>Dom\u00e9stico es el esmalte sint\u00e9tico a base de aceite recomendado para proteger puertas, ventanas, rejas, z\u00f3calos, muebles y juguetes, en ambientes interiores.<\/p>\n<p>Beneficios<\/p>\n<p>Estos son algunos de los beneficios que te ofrece Dom\u00e9stico:<\/p>\n<p>Buen cubrimiento y rendimiento.<\/p>\n<p>No contiene plomo ni cromo.<\/p>\n","protected":false},"excerpt":{"rendered":"<p>Esmalte sint\u00e9tico a base de aceite, de buen cubrimiento y rendimiento. Disponible en acabados brillante, semibrillante, mate, aluminio, dorado y en una amplia gama de colores. No contiene plomo ni cromo.<\/p>\n","protected":false},"featured_media":927,"template":"","meta":[],"product_brand":[],"product_cat":[183],"product_tag":[],"class_list":{"0":"post-926","1":"product","2":"type-product","3":"status-publish","4":"has-post-thumbnail","6":"product_cat-pinturas-de-aceite","8":"first","9":"instock","10":"shipping-taxable","11":"purchasable","12":"product-type-simple"},"_links":{"self":[{"href":"https:\/\/laespanola.co\/tienda\/wp-json\/wp\/v2\/product\/926","targetHints":{"allow":["GET"]}}],"collection":[{"href":"https:\/\/laespanola.co\/tienda\/wp-json\/wp\/v2\/product"}],"about":[{"href":"https:\/\/laespanola.co\/tienda\/wp-json\/wp\/v2\/types\/product"}],"version-history":[{"count":0,"href":"https:\/\/laespanola.co\/tienda\/wp-json\/wp\/v2\/product\/926\/revisions"}],"wp:featuredmedia":[{"embeddable":true,"href":"https:\/\/laespanola.co\/tienda\/wp-json\/wp\/v2\/media\/927"}],"wp:attachment":[{"href":"https:\/\/laespanola.co\/tienda\/wp-json\/wp\/v2\/media?parent=926"}],"wp:term":[{"taxonomy":"product_brand","embeddable":true,"href":"https:\/\/laespanola.co\/tienda\/wp-json\/wp\/v2\/product_brand?post=926"},{"taxonomy":"product_cat","embeddable":true,"href":"https:\/\/laespanola.co\/tienda\/wp-json\/wp\/v2\/product_cat?post=926"},{"taxonomy":"product_tag","embeddable":true,"href":"https:\/\/laespanola.co\/tienda\/wp-json\/wp\/v2\/product_tag?post=926"}],"curies":[{"name":"wp","href":"https:\/\/api.w.org\/{rel}","templated":true}]}}