{"id":946,"date":"2019-09-15T22:34:50","date_gmt":"2019-09-16T03:34:50","guid":{"rendered":"https:\/\/laespanola.co\/tienda\/?post_type=product&#038;p=946"},"modified":"2026-01-22T16:11:33","modified_gmt":"2026-01-22T21:11:33","slug":"kit-epoxica-mult-gln-y-catalizador-gln-gris-ico","status":"publish","type":"product","link":"https:\/\/laespanola.co\/tienda\/producto\/kit-epoxica-mult-gln-y-catalizador-gln-gris-ico\/","title":{"rendered":"EPOXICA ICO GRIS MULTIUSOS GALON Y CATALIZADOR GL"},"content":{"rendered":"<p>Pintura Ep\u00f3xica ICO base solvente de dos componentes a base de resina poliamida que proporciona una pel\u00edcula con buena adherencia y flexibilidad, en relaci\u00f3n de mezcla 1:1 A intemperie los ep\u00f3xicos entizan y decoloran.<\/p>\n","protected":false},"excerpt":{"rendered":"<p>Ideal para el mantenimiento liviano en la protecci\u00f3n y decoraci\u00f3n de superficies de metal, concreto, asbesto-cemento y madera en ambientes interiores y exteriores expuestos a contaminaci\u00f3n industrial o que requieran un lavado frecuente, alta dureza y resistencia mec\u00e1nica para garantizar altos niveles de asepsia como cl\u00ednicas, laboratorios, cocinas, ba\u00f1os, gimnasios, consultorios, jardines infantiles, restaurantes, bodegas de almacenamiento, salones de belleza, est\u00e9tica y dem\u00e1s \u00e1reas donde se requiera m\u00e1xima higiene.<\/p>\n","protected":false},"featured_media":947,"template":"","meta":[],"product_brand":[],"product_cat":[135],"product_tag":[],"class_list":{"0":"post-946","1":"product","2":"type-product","3":"status-publish","4":"has-post-thumbnail","6":"product_cat-pintuco-pinturas","8":"first","9":"instock","10":"shipping-taxable","11":"purchasable","12":"product-type-simple"},"_links":{"self":[{"href":"https:\/\/laespanola.co\/tienda\/wp-json\/wp\/v2\/product\/946","targetHints":{"allow":["GET"]}}],"collection":[{"href":"https:\/\/laespanola.co\/tienda\/wp-json\/wp\/v2\/product"}],"about":[{"href":"https:\/\/laespanola.co\/tienda\/wp-json\/wp\/v2\/types\/product"}],"version-history":[{"count":0,"href":"https:\/\/laespanola.co\/tienda\/wp-json\/wp\/v2\/product\/946\/revisions"}],"wp:featuredmedia":[{"embeddable":true,"href":"https:\/\/laespanola.co\/tienda\/wp-json\/wp\/v2\/media\/947"}],"wp:attachment":[{"href":"https:\/\/laespanola.co\/tienda\/wp-json\/wp\/v2\/media?parent=946"}],"wp:term":[{"taxonomy":"product_brand","embeddable":true,"href":"https:\/\/laespanola.co\/tienda\/wp-json\/wp\/v2\/product_brand?post=946"},{"taxonomy":"product_cat","embeddable":true,"href":"https:\/\/laespanola.co\/tienda\/wp-json\/wp\/v2\/product_cat?post=946"},{"taxonomy":"product_tag","embeddable":true,"href":"https:\/\/laespanola.co\/tienda\/wp-json\/wp\/v2\/product_tag?post=946"}],"curies":[{"name":"wp","href":"https:\/\/api.w.org\/{rel}","templated":true}]}}