{"id":951,"date":"2019-09-15T22:38:47","date_gmt":"2019-09-16T03:38:47","guid":{"rendered":"https:\/\/laespanola.co\/tienda\/?post_type=product&#038;p=951"},"modified":"2024-04-30T12:31:15","modified_gmt":"2024-04-30T17:31:15","slug":"pintura-asepsia-cunete-ref-27580","status":"publish","type":"product","link":"https:\/\/laespanola.co\/tienda\/producto\/pintura-asepsia-cunete-ref-27580\/","title":{"rendered":"PINTURA ASEPSIA CU\u00d1ETE REF 27580"},"content":{"rendered":"<p>Pintura Acr\u00edlica Alta Asepsia es un Recubrimiento acr\u00edlico base agua de alta resistencia, f\u00e1cil lavado y desinfecci\u00f3n, para proteger y decorar paredes en ambientes interiores que van a ser sometidos a asepsia rutinaria.<\/p>\n","protected":false},"excerpt":{"rendered":"<p>Recomendado para la protecci\u00f3n y decoraci\u00f3n de zonas que requieran condiciones de alta asepsia como cocinas industriales, consultorios y zonas comunes de hospitales. Se puede aplicar sobre superficies en concreto, mortero, sobre Estuco Acr\u00edlico Profesional Exteriores y sobre pinturas en buen estado.<\/p>\n","protected":false},"featured_media":952,"template":"","meta":[],"product_brand":[],"product_cat":[135],"product_tag":[],"class_list":{"0":"post-951","1":"product","2":"type-product","3":"status-publish","4":"has-post-thumbnail","6":"product_cat-pintuco-pinturas","8":"first","9":"instock","10":"shipping-taxable","11":"purchasable","12":"product-type-simple"},"_links":{"self":[{"href":"https:\/\/laespanola.co\/tienda\/wp-json\/wp\/v2\/product\/951","targetHints":{"allow":["GET"]}}],"collection":[{"href":"https:\/\/laespanola.co\/tienda\/wp-json\/wp\/v2\/product"}],"about":[{"href":"https:\/\/laespanola.co\/tienda\/wp-json\/wp\/v2\/types\/product"}],"version-history":[{"count":0,"href":"https:\/\/laespanola.co\/tienda\/wp-json\/wp\/v2\/product\/951\/revisions"}],"wp:featuredmedia":[{"embeddable":true,"href":"https:\/\/laespanola.co\/tienda\/wp-json\/wp\/v2\/media\/952"}],"wp:attachment":[{"href":"https:\/\/laespanola.co\/tienda\/wp-json\/wp\/v2\/media?parent=951"}],"wp:term":[{"taxonomy":"product_brand","embeddable":true,"href":"https:\/\/laespanola.co\/tienda\/wp-json\/wp\/v2\/product_brand?post=951"},{"taxonomy":"product_cat","embeddable":true,"href":"https:\/\/laespanola.co\/tienda\/wp-json\/wp\/v2\/product_cat?post=951"},{"taxonomy":"product_tag","embeddable":true,"href":"https:\/\/laespanola.co\/tienda\/wp-json\/wp\/v2\/product_tag?post=951"}],"curies":[{"name":"wp","href":"https:\/\/api.w.org\/{rel}","templated":true}]}}