{"id":963,"date":"2019-09-15T22:45:23","date_gmt":"2019-09-16T03:45:23","guid":{"rendered":"https:\/\/laespanola.co\/tienda\/?post_type=product&#038;p=963"},"modified":"2024-04-30T10:35:07","modified_gmt":"2024-04-30T15:35:07","slug":"pintulux-galon-gris-plata-ref-84","status":"publish","type":"product","link":"https:\/\/laespanola.co\/tienda\/producto\/pintulux-galon-gris-plata-ref-84\/","title":{"rendered":"PINTULUX MP 26 GALON BERMELLON"},"content":{"rendered":"<p>Pintulux Maxima protecci\u00f3n es un esmalte alqu\u00eddico dise\u00f1ado para interiores y exteriores de excelente adherencia, durabilidad prolongada y m\u00e1xima resistencia a la Intemperie con un alto cubrimiento y buen rendimiento. Gracias a su f\u00f3rmula brinda una nivelaci\u00f3n superior dejando un acabado brillante y uniforme. Disponible en una amplia gama de colores. Producto formulado sin plomo ni cromo.<\/p>\n","protected":false},"excerpt":{"rendered":"<p>Pintulux Maxima protecci\u00f3n esmalte recomendado para proteger y decorar superficies y\/o art\u00edculos de metal y madera en ambientes interiores y exteriores como estructuras met\u00e1licas, puertas, portones, ventanas, rejas, z\u00f3calos, muebles y marcos, etc.<\/p>\n","protected":false},"featured_media":962,"template":"","meta":[],"product_brand":[],"product_cat":[183],"product_tag":[],"class_list":{"0":"post-963","1":"product","2":"type-product","3":"status-publish","4":"has-post-thumbnail","6":"product_cat-pinturas-de-aceite","8":"first","9":"instock","10":"shipping-taxable","11":"purchasable","12":"product-type-simple"},"_links":{"self":[{"href":"https:\/\/laespanola.co\/tienda\/wp-json\/wp\/v2\/product\/963","targetHints":{"allow":["GET"]}}],"collection":[{"href":"https:\/\/laespanola.co\/tienda\/wp-json\/wp\/v2\/product"}],"about":[{"href":"https:\/\/laespanola.co\/tienda\/wp-json\/wp\/v2\/types\/product"}],"version-history":[{"count":0,"href":"https:\/\/laespanola.co\/tienda\/wp-json\/wp\/v2\/product\/963\/revisions"}],"wp:featuredmedia":[{"embeddable":true,"href":"https:\/\/laespanola.co\/tienda\/wp-json\/wp\/v2\/media\/962"}],"wp:attachment":[{"href":"https:\/\/laespanola.co\/tienda\/wp-json\/wp\/v2\/media?parent=963"}],"wp:term":[{"taxonomy":"product_brand","embeddable":true,"href":"https:\/\/laespanola.co\/tienda\/wp-json\/wp\/v2\/product_brand?post=963"},{"taxonomy":"product_cat","embeddable":true,"href":"https:\/\/laespanola.co\/tienda\/wp-json\/wp\/v2\/product_cat?post=963"},{"taxonomy":"product_tag","embeddable":true,"href":"https:\/\/laespanola.co\/tienda\/wp-json\/wp\/v2\/product_tag?post=963"}],"curies":[{"name":"wp","href":"https:\/\/api.w.org\/{rel}","templated":true}]}}