{"id":971,"date":"2019-09-15T22:50:05","date_gmt":"2019-09-16T03:50:05","guid":{"rendered":"https:\/\/laespanola.co\/tienda\/?post_type=product&#038;p=971"},"modified":"2024-04-30T10:30:27","modified_gmt":"2024-04-30T15:30:27","slug":"pintulux-3-en-1-galon-verde-bronce-ref-80","status":"publish","type":"product","link":"https:\/\/laespanola.co\/tienda\/producto\/pintulux-3-en-1-galon-verde-bronce-ref-80\/","title":{"rendered":"PINTULUX TEU 80 GALON VERDE BRONCE"},"content":{"rendered":"<p>Pintulux 3 en 1 Brillante es un esmalte alqu\u00eddico que evita lijar en superficies con oxidaci\u00f3n leve, contiene anticorrosivo y da un hermoso acabado brillante. Dise\u00f1ado para aplicar directo al metal con una excelente adherencia, durable y resistente a la corrosi\u00f3n. Prepara, protege y decora en un solo paso. Producto formulado sin plomo ni cromo.<\/p>\n","protected":false},"excerpt":{"rendered":"<p>Esmalte recomendado para proteger y decorar superficies y\/o art\u00edculos de metal y madera en ambientes interiores y exteriores como estructuras met\u00e1licas, puertas, portones, ventanas, rejas, marcos, etc. Puede ser aplicado sobre superficies met\u00e1licas oxidadas, ya que por su dise\u00f1o Pintulux 3 en 1 funciona como inhibidor de \u00f3xido que brinda una excelente protecci\u00f3n y da un acabado brillante, simplificando el proceso de aplicaci\u00f3n.<\/p>\n","protected":false},"featured_media":970,"template":"","meta":[],"product_brand":[],"product_cat":[183],"product_tag":[],"class_list":{"0":"post-971","1":"product","2":"type-product","3":"status-publish","4":"has-post-thumbnail","6":"product_cat-pinturas-de-aceite","8":"first","9":"instock","10":"shipping-taxable","11":"purchasable","12":"product-type-simple"},"_links":{"self":[{"href":"https:\/\/laespanola.co\/tienda\/wp-json\/wp\/v2\/product\/971","targetHints":{"allow":["GET"]}}],"collection":[{"href":"https:\/\/laespanola.co\/tienda\/wp-json\/wp\/v2\/product"}],"about":[{"href":"https:\/\/laespanola.co\/tienda\/wp-json\/wp\/v2\/types\/product"}],"version-history":[{"count":0,"href":"https:\/\/laespanola.co\/tienda\/wp-json\/wp\/v2\/product\/971\/revisions"}],"wp:featuredmedia":[{"embeddable":true,"href":"https:\/\/laespanola.co\/tienda\/wp-json\/wp\/v2\/media\/970"}],"wp:attachment":[{"href":"https:\/\/laespanola.co\/tienda\/wp-json\/wp\/v2\/media?parent=971"}],"wp:term":[{"taxonomy":"product_brand","embeddable":true,"href":"https:\/\/laespanola.co\/tienda\/wp-json\/wp\/v2\/product_brand?post=971"},{"taxonomy":"product_cat","embeddable":true,"href":"https:\/\/laespanola.co\/tienda\/wp-json\/wp\/v2\/product_cat?post=971"},{"taxonomy":"product_tag","embeddable":true,"href":"https:\/\/laespanola.co\/tienda\/wp-json\/wp\/v2\/product_tag?post=971"}],"curies":[{"name":"wp","href":"https:\/\/api.w.org\/{rel}","templated":true}]}}