{"id":990,"date":"2019-09-15T22:59:06","date_gmt":"2019-09-16T03:59:06","guid":{"rendered":"https:\/\/laespanola.co\/tienda\/?post_type=product&#038;p=990"},"modified":"2024-04-30T12:40:02","modified_gmt":"2024-04-30T17:40:02","slug":"primer-anticorrosivo-verde-513-galon","status":"publish","type":"product","link":"https:\/\/laespanola.co\/tienda\/producto\/primer-anticorrosivo-verde-513-galon\/","title":{"rendered":"PRIMER ANTICORROSIVO VERDE 513 GALON"},"content":{"rendered":"<p>Usos<\/p>\n<p>Puede ser usado como base para protecci\u00f3n a la corrosi\u00f3n en carrocer\u00edas, veh\u00edculos, instalaciones industriales, puentes, maquinaria y tanques.<\/p>\n<p>Se usa tambi\u00e9n como base en sistemas con acabados poliuretanos y esmaltes sint\u00e9ticos.<\/p>\n<p>No se recomienda para inmersi\u00f3n.<\/p>\n","protected":false},"excerpt":{"rendered":"<p>Pintura de protecci\u00f3n anticorrosiva y secado r\u00e1pido.<\/p>\n","protected":false},"featured_media":991,"template":"","meta":[],"product_brand":[],"product_cat":[135],"product_tag":[],"class_list":{"0":"post-990","1":"product","2":"type-product","3":"status-publish","4":"has-post-thumbnail","6":"product_cat-pintuco-pinturas","8":"first","9":"instock","10":"shipping-taxable","11":"purchasable","12":"product-type-simple"},"_links":{"self":[{"href":"https:\/\/laespanola.co\/tienda\/wp-json\/wp\/v2\/product\/990","targetHints":{"allow":["GET"]}}],"collection":[{"href":"https:\/\/laespanola.co\/tienda\/wp-json\/wp\/v2\/product"}],"about":[{"href":"https:\/\/laespanola.co\/tienda\/wp-json\/wp\/v2\/types\/product"}],"version-history":[{"count":0,"href":"https:\/\/laespanola.co\/tienda\/wp-json\/wp\/v2\/product\/990\/revisions"}],"wp:featuredmedia":[{"embeddable":true,"href":"https:\/\/laespanola.co\/tienda\/wp-json\/wp\/v2\/media\/991"}],"wp:attachment":[{"href":"https:\/\/laespanola.co\/tienda\/wp-json\/wp\/v2\/media?parent=990"}],"wp:term":[{"taxonomy":"product_brand","embeddable":true,"href":"https:\/\/laespanola.co\/tienda\/wp-json\/wp\/v2\/product_brand?post=990"},{"taxonomy":"product_cat","embeddable":true,"href":"https:\/\/laespanola.co\/tienda\/wp-json\/wp\/v2\/product_cat?post=990"},{"taxonomy":"product_tag","embeddable":true,"href":"https:\/\/laespanola.co\/tienda\/wp-json\/wp\/v2\/product_tag?post=990"}],"curies":[{"name":"wp","href":"https:\/\/api.w.org\/{rel}","templated":true}]}}