{"id":994,"date":"2019-09-15T23:00:54","date_gmt":"2019-09-16T04:00:54","guid":{"rendered":"https:\/\/laespanola.co\/tienda\/?post_type=product&#038;p=994"},"modified":"2024-04-26T12:31:37","modified_gmt":"2024-04-26T17:31:37","slug":"estuco-acrilico-exterior-galon-ref-27060","status":"publish","type":"product","link":"https:\/\/laespanola.co\/tienda\/producto\/estuco-acrilico-exterior-galon-ref-27060\/","title":{"rendered":"Estuco Acrilico Exterior Galon Ref: 27060"},"content":{"rendered":"<p>Estuco Acr\u00edlico Profesional Exterior es una masilla pl\u00e1stica 100% acr\u00edlica, lista para aplicar, de alta blancura y de excelente adherencia sobre los diferentes materiales de construcci\u00f3n, especialmente dise\u00f1ado para ambientes exteriores, con m\u00e1xima resistencia al agua y la intemperie. Maximiza el rendimiento y garantiza la adherencia de las pinturas decorativas. Proporciona acabados lisos, tersos y de larga duraci\u00f3n.<\/p>\n","protected":false},"excerpt":{"rendered":"<p>Recomendado en ambientes exteriores donde los niveles de exigencia sean altos; sobre superficies rugosas, pa\u00f1ete, mamposter\u00eda sin pa\u00f1ete o superficies lisas como sistemas constructivos industrializados (pantallas de concreto) y paneles de fibrocemento. En zonas h\u00famedas como ba\u00f1os y cocinas, muros en canchas de squash y \u00e1reas de piscinas. Ideal como preparador de superficies para acabados con pinturas acr\u00edlicas o ep\u00f3xicas Pintuco, en \u00e1reas de asepsia y lavado permanente como quir\u00f3fanos, laboratorios y plantas de alimentos.<\/p>\n","protected":false},"featured_media":995,"template":"","meta":[],"product_brand":[],"product_cat":[109],"product_tag":[],"class_list":{"0":"post-994","1":"product","2":"type-product","3":"status-publish","4":"has-post-thumbnail","6":"product_cat-estucos","8":"first","9":"instock","10":"shipping-taxable","11":"purchasable","12":"product-type-simple"},"_links":{"self":[{"href":"https:\/\/laespanola.co\/tienda\/wp-json\/wp\/v2\/product\/994","targetHints":{"allow":["GET"]}}],"collection":[{"href":"https:\/\/laespanola.co\/tienda\/wp-json\/wp\/v2\/product"}],"about":[{"href":"https:\/\/laespanola.co\/tienda\/wp-json\/wp\/v2\/types\/product"}],"version-history":[{"count":0,"href":"https:\/\/laespanola.co\/tienda\/wp-json\/wp\/v2\/product\/994\/revisions"}],"wp:featuredmedia":[{"embeddable":true,"href":"https:\/\/laespanola.co\/tienda\/wp-json\/wp\/v2\/media\/995"}],"wp:attachment":[{"href":"https:\/\/laespanola.co\/tienda\/wp-json\/wp\/v2\/media?parent=994"}],"wp:term":[{"taxonomy":"product_brand","embeddable":true,"href":"https:\/\/laespanola.co\/tienda\/wp-json\/wp\/v2\/product_brand?post=994"},{"taxonomy":"product_cat","embeddable":true,"href":"https:\/\/laespanola.co\/tienda\/wp-json\/wp\/v2\/product_cat?post=994"},{"taxonomy":"product_tag","embeddable":true,"href":"https:\/\/laespanola.co\/tienda\/wp-json\/wp\/v2\/product_tag?post=994"}],"curies":[{"name":"wp","href":"https:\/\/api.w.org\/{rel}","templated":true}]}}