{"id":998,"date":"2019-09-15T23:03:02","date_gmt":"2019-09-16T04:03:02","guid":{"rendered":"https:\/\/laespanola.co\/tienda\/?post_type=product&#038;p=998"},"modified":"2024-04-26T12:29:53","modified_gmt":"2024-04-26T17:29:53","slug":"estuco-plastico-interior-galon-17060","status":"publish","type":"product","link":"https:\/\/laespanola.co\/tienda\/producto\/estuco-plastico-interior-galon-17060\/","title":{"rendered":"Estuco Pl\u00e1stico Interior Gal\u00f3n Rf:17060"},"content":{"rendered":"<p>Estuco Profesional Interior es una masilla pl\u00e1stica de alta blancura y excelente adherencia sobre los diferentes materiales de construcci\u00f3n, especialmente dise\u00f1ado para muros y cielos en ambientes interiores que no tienen exposici\u00f3n directa o permanente a la intemperie. Maximiza el rendimiento de las pinturas decorativas Pintuco\u00ae. Proporciona acabados lisos, tersos y de larga duraci\u00f3n.<\/p>\n","protected":false},"excerpt":{"rendered":"<p>Recomendado para superficies pa\u00f1etadas y superficies rugosas tradicionales como revoque, mamposter\u00eda sin revoque, bloques prefabricados, superficies lisas de concreto, o placas de sistemas constructivos livianos como Drywall. Para mantenimiento, mejora, adecuaci\u00f3n o reparaci\u00f3n de superficies estucadas previamente con estucos tradicionales (previo acondicionamiento). Para resane de superficies estucadas y pintadas o morteros con fisuras menores a 1 mm sin movimiento (no activas). Ideal como sustrato para pinturas decorativas garantizando m\u00e1xima adherencia, rendimiento y duraci\u00f3n del acabado.<\/p>\n","protected":false},"featured_media":995,"template":"","meta":[],"product_brand":[],"product_cat":[109],"product_tag":[],"class_list":{"0":"post-998","1":"product","2":"type-product","3":"status-publish","4":"has-post-thumbnail","6":"product_cat-estucos","8":"first","9":"instock","10":"shipping-taxable","11":"purchasable","12":"product-type-simple"},"_links":{"self":[{"href":"https:\/\/laespanola.co\/tienda\/wp-json\/wp\/v2\/product\/998","targetHints":{"allow":["GET"]}}],"collection":[{"href":"https:\/\/laespanola.co\/tienda\/wp-json\/wp\/v2\/product"}],"about":[{"href":"https:\/\/laespanola.co\/tienda\/wp-json\/wp\/v2\/types\/product"}],"version-history":[{"count":0,"href":"https:\/\/laespanola.co\/tienda\/wp-json\/wp\/v2\/product\/998\/revisions"}],"wp:featuredmedia":[{"embeddable":true,"href":"https:\/\/laespanola.co\/tienda\/wp-json\/wp\/v2\/media\/995"}],"wp:attachment":[{"href":"https:\/\/laespanola.co\/tienda\/wp-json\/wp\/v2\/media?parent=998"}],"wp:term":[{"taxonomy":"product_brand","embeddable":true,"href":"https:\/\/laespanola.co\/tienda\/wp-json\/wp\/v2\/product_brand?post=998"},{"taxonomy":"product_cat","embeddable":true,"href":"https:\/\/laespanola.co\/tienda\/wp-json\/wp\/v2\/product_cat?post=998"},{"taxonomy":"product_tag","embeddable":true,"href":"https:\/\/laespanola.co\/tienda\/wp-json\/wp\/v2\/product_tag?post=998"}],"curies":[{"name":"wp","href":"https:\/\/api.w.org\/{rel}","templated":true}]}}